{"id":106,"date":"2025-11-06T14:01:02","date_gmt":"2025-11-06T13:01:02","guid":{"rendered":"https:\/\/interne.bcopin.com\/cnr\/wordpress\/?page_id=106"},"modified":"2026-01-18T12:02:00","modified_gmt":"2026-01-18T11:02:00","slug":"conditions","status":"publish","type":"page","link":"https:\/\/www.campingnaturistelachenaie.com\/?page_id=106","title":{"rendered":"Les conditions de r\u00e9servation"},"content":{"rendered":"\n<h1 class=\"wp-block-heading\"><\/h1>\n\n\n\n<p><font color=\"red\">LA LICENCE FFN EST OBLIGATOIRE pour tous les s\u00e9jours.<\/font><\/p>\n\n\n\n<p><font color=\"red\">Le camping se r\u00e9serve le droit de renvoyer imm\u00e9diatement toute personne ayant un comportement inappropri\u00e9 \u00e0 l\u2019\u00e9thique du naturisme.<\/font><\/p>\n\n\n\n<p><font color=\"red\">LES TARIFS JOURNALIERS DES LOCATIONS MOBILE HOMES ET CARAVANES NE SONT QU&rsquo;A TITRE INDICATIF,&nbsp; AUCUNE R\u00c9SERVATION A LA JOURN\u00c9E N&rsquo;EST POSSIBLE, 2 NUITS MINIMUM.<font><\/font><\/font><\/p>\n\n\n\n<p><font color=\"red\">IMPORTANT:<\/font><\/p>\n\n\n\n<p><font color=\"red\">AUCUN REMBOURSEMENT N&rsquo;EST ACCEPTE SANS JUSTIFICATIF VALABLE.<\/font><\/p>\n\n\n\n<p><font color=\"red\">Les animaux sont interdits dans les locations.<\/font><\/p>\n\n\n\n<p><font color=\"red\">Heure d&rsquo;arriv\u00e9e : 15h00<\/font><\/p>\n\n\n\n<p><font color=\"red\">Heure de d\u00e9part : 10h00<\/font><\/p>\n\n\n\n<p><font color=\"red\">Les locations sont r\u00e9serv\u00e9es uniquement \u00e0 r\u00e9ception du paiement int\u00e9gral en ligne. Les ch\u00e8ques bancaires ne sont plus accept\u00e9s.<\/font><\/p>\n\n\n\n<p><font color=\"red\">Pr\u00e9voir votre linge de maison (draps, serviettes..)<\/font><\/p>\n\n\n\n<p>\u200b<\/p>\n\n\n\n<p>CONDITIONS 2025<\/p>\n\n\n\n<p>Contactez-nous pour plus de renseignements: <a href=\"?page_id=69\" data-type=\"page\" data-id=\"69\">Contacts<\/a><\/p>\n\n\n\n<p><\/p>\n","protected":false},"excerpt":{"rendered":"<p>LA LICENCE FFN EST OBLIGATOIRE pour tous les s\u00e9jours. Le camping se r\u00e9serve le droit de renvoyer imm\u00e9diatement toute personne ayant un comportement inappropri\u00e9 \u00e0 l\u2019\u00e9thique du naturisme. LES TARIFS JOURNALIERS DES LOCATIONS MOBILE HOMES ET CARAVANES NE SONT QU&rsquo;A TITRE INDICATIF,&nbsp; AUCUNE R\u00c9SERVATION A LA JOURN\u00c9E N&rsquo;EST POSSIBLE, 2 NUITS MINIMUM. IMPORTANT: AUCUN REMBOURSEMENT [&hellip;]<\/p>\n","protected":false},"author":1,"featured_media":0,"parent":0,"menu_order":0,"comment_status":"closed","ping_status":"closed","template":"","meta":{"footnotes":""},"class_list":["post-106","page","type-page","status-publish","hentry"],"yoast_head":"<!-- This site is optimized with the Yoast SEO plugin v27.3 - https:\/\/yoast.com\/product\/yoast-seo-wordpress\/ -->\n<title>Les conditions de r\u00e9servation - Camping Naturiste La Ch\u00eanaie<\/title>\n<meta name=\"robots\" content=\"index, follow, max-snippet:-1, max-image-preview:large, max-video-preview:-1\" \/>\n<link rel=\"canonical\" href=\"https:\/\/www.campingnaturistelachenaie.com\/?page_id=106\" \/>\n<meta property=\"og:locale\" content=\"fr_FR\" \/>\n<meta property=\"og:type\" content=\"article\" \/>\n<meta property=\"og:title\" content=\"Les conditions de r\u00e9servation - Camping Naturiste La Ch\u00eanaie\" \/>\n<meta property=\"og:description\" content=\"LA LICENCE FFN EST OBLIGATOIRE pour tous les s\u00e9jours. Le camping se r\u00e9serve le droit de renvoyer imm\u00e9diatement toute personne ayant un comportement inappropri\u00e9 \u00e0 l\u2019\u00e9thique du naturisme. LES TARIFS JOURNALIERS DES LOCATIONS MOBILE HOMES ET CARAVANES NE SONT QU&rsquo;A TITRE INDICATIF,&nbsp; AUCUNE R\u00c9SERVATION A LA JOURN\u00c9E N&rsquo;EST POSSIBLE, 2 NUITS MINIMUM. IMPORTANT: AUCUN REMBOURSEMENT [&hellip;]\" \/>\n<meta property=\"og:url\" content=\"https:\/\/www.campingnaturistelachenaie.com\/?page_id=106\" \/>\n<meta property=\"og:site_name\" content=\"Camping Naturiste La Ch\u00eanaie\" \/>\n<meta property=\"article:modified_time\" content=\"2026-01-18T11:02:00+00:00\" \/>\n<meta name=\"twitter:card\" content=\"summary_large_image\" \/>\n<meta name=\"twitter:label1\" content=\"Dur\u00e9e de lecture estim\u00e9e\" \/>\n\t<meta name=\"twitter:data1\" content=\"1 minute\" \/>\n<script type=\"application\/ld+json\" class=\"yoast-schema-graph\">{\"@context\":\"https:\\\/\\\/schema.org\",\"@graph\":[{\"@type\":\"WebPage\",\"@id\":\"https:\\\/\\\/www.campingnaturistelachenaie.com\\\/?page_id=106\",\"url\":\"https:\\\/\\\/www.campingnaturistelachenaie.com\\\/?page_id=106\",\"name\":\"Les conditions de r\u00e9servation - Camping Naturiste La Ch\u00eanaie\",\"isPartOf\":{\"@id\":\"https:\\\/\\\/www.campingnaturistelachenaie.com\\\/#website\"},\"datePublished\":\"2025-11-06T13:01:02+00:00\",\"dateModified\":\"2026-01-18T11:02:00+00:00\",\"breadcrumb\":{\"@id\":\"https:\\\/\\\/www.campingnaturistelachenaie.com\\\/?page_id=106#breadcrumb\"},\"inLanguage\":\"fr-FR\",\"potentialAction\":[{\"@type\":\"ReadAction\",\"target\":[\"https:\\\/\\\/www.campingnaturistelachenaie.com\\\/?page_id=106\"]}]},{\"@type\":\"BreadcrumbList\",\"@id\":\"https:\\\/\\\/www.campingnaturistelachenaie.com\\\/?page_id=106#breadcrumb\",\"itemListElement\":[{\"@type\":\"ListItem\",\"position\":1,\"name\":\"Home\",\"item\":\"https:\\\/\\\/www.campingnaturistelachenaie.com\\\/\"},{\"@type\":\"ListItem\",\"position\":2,\"name\":\"Les conditions de r\u00e9servation\"}]},{\"@type\":\"WebSite\",\"@id\":\"https:\\\/\\\/www.campingnaturistelachenaie.com\\\/#website\",\"url\":\"https:\\\/\\\/www.campingnaturistelachenaie.com\\\/\",\"name\":\"Camping Naturiste La Ch\u00eanaie\",\"description\":\"Camping Naturiste La Ch\u00eanaie\",\"publisher\":{\"@id\":\"https:\\\/\\\/www.campingnaturistelachenaie.com\\\/#organization\"},\"potentialAction\":[{\"@type\":\"SearchAction\",\"target\":{\"@type\":\"EntryPoint\",\"urlTemplate\":\"https:\\\/\\\/www.campingnaturistelachenaie.com\\\/?s={search_term_string}\"},\"query-input\":{\"@type\":\"PropertyValueSpecification\",\"valueRequired\":true,\"valueName\":\"search_term_string\"}}],\"inLanguage\":\"fr-FR\"},{\"@type\":\"Organization\",\"@id\":\"https:\\\/\\\/www.campingnaturistelachenaie.com\\\/#organization\",\"name\":\"Camping Naturiste La Ch\u00eanaie\",\"url\":\"https:\\\/\\\/www.campingnaturistelachenaie.com\\\/\",\"logo\":{\"@type\":\"ImageObject\",\"inLanguage\":\"fr-FR\",\"@id\":\"https:\\\/\\\/www.campingnaturistelachenaie.com\\\/#\\\/schema\\\/logo\\\/image\\\/\",\"url\":\"https:\\\/\\\/cnr.bcopin.net\\\/wp-content\\\/uploads\\\/2025\\\/11\\\/cropped-favicon.jpg\",\"contentUrl\":\"https:\\\/\\\/cnr.bcopin.net\\\/wp-content\\\/uploads\\\/2025\\\/11\\\/cropped-favicon.jpg\",\"width\":512,\"height\":512,\"caption\":\"Camping Naturiste La Ch\u00eanaie\"},\"image\":{\"@id\":\"https:\\\/\\\/www.campingnaturistelachenaie.com\\\/#\\\/schema\\\/logo\\\/image\\\/\"}}]}<\/script>\n<!-- \/ Yoast SEO plugin. -->","yoast_head_json":{"title":"Les conditions de r\u00e9servation - Camping Naturiste La Ch\u00eanaie","robots":{"index":"index","follow":"follow","max-snippet":"max-snippet:-1","max-image-preview":"max-image-preview:large","max-video-preview":"max-video-preview:-1"},"canonical":"https:\/\/www.campingnaturistelachenaie.com\/?page_id=106","og_locale":"fr_FR","og_type":"article","og_title":"Les conditions de r\u00e9servation - Camping Naturiste La Ch\u00eanaie","og_description":"LA LICENCE FFN EST OBLIGATOIRE pour tous les s\u00e9jours. Le camping se r\u00e9serve le droit de renvoyer imm\u00e9diatement toute personne ayant un comportement inappropri\u00e9 \u00e0 l\u2019\u00e9thique du naturisme. LES TARIFS JOURNALIERS DES LOCATIONS MOBILE HOMES ET CARAVANES NE SONT QU&rsquo;A TITRE INDICATIF,&nbsp; AUCUNE R\u00c9SERVATION A LA JOURN\u00c9E N&rsquo;EST POSSIBLE, 2 NUITS MINIMUM. IMPORTANT: AUCUN REMBOURSEMENT [&hellip;]","og_url":"https:\/\/www.campingnaturistelachenaie.com\/?page_id=106","og_site_name":"Camping Naturiste La Ch\u00eanaie","article_modified_time":"2026-01-18T11:02:00+00:00","twitter_card":"summary_large_image","twitter_misc":{"Dur\u00e9e de lecture estim\u00e9e":"1 minute"},"schema":{"@context":"https:\/\/schema.org","@graph":[{"@type":"WebPage","@id":"https:\/\/www.campingnaturistelachenaie.com\/?page_id=106","url":"https:\/\/www.campingnaturistelachenaie.com\/?page_id=106","name":"Les conditions de r\u00e9servation - Camping Naturiste La Ch\u00eanaie","isPartOf":{"@id":"https:\/\/www.campingnaturistelachenaie.com\/#website"},"datePublished":"2025-11-06T13:01:02+00:00","dateModified":"2026-01-18T11:02:00+00:00","breadcrumb":{"@id":"https:\/\/www.campingnaturistelachenaie.com\/?page_id=106#breadcrumb"},"inLanguage":"fr-FR","potentialAction":[{"@type":"ReadAction","target":["https:\/\/www.campingnaturistelachenaie.com\/?page_id=106"]}]},{"@type":"BreadcrumbList","@id":"https:\/\/www.campingnaturistelachenaie.com\/?page_id=106#breadcrumb","itemListElement":[{"@type":"ListItem","position":1,"name":"Home","item":"https:\/\/www.campingnaturistelachenaie.com\/"},{"@type":"ListItem","position":2,"name":"Les conditions de r\u00e9servation"}]},{"@type":"WebSite","@id":"https:\/\/www.campingnaturistelachenaie.com\/#website","url":"https:\/\/www.campingnaturistelachenaie.com\/","name":"Camping Naturiste La Ch\u00eanaie","description":"Camping Naturiste La Ch\u00eanaie","publisher":{"@id":"https:\/\/www.campingnaturistelachenaie.com\/#organization"},"potentialAction":[{"@type":"SearchAction","target":{"@type":"EntryPoint","urlTemplate":"https:\/\/www.campingnaturistelachenaie.com\/?s={search_term_string}"},"query-input":{"@type":"PropertyValueSpecification","valueRequired":true,"valueName":"search_term_string"}}],"inLanguage":"fr-FR"},{"@type":"Organization","@id":"https:\/\/www.campingnaturistelachenaie.com\/#organization","name":"Camping Naturiste La Ch\u00eanaie","url":"https:\/\/www.campingnaturistelachenaie.com\/","logo":{"@type":"ImageObject","inLanguage":"fr-FR","@id":"https:\/\/www.campingnaturistelachenaie.com\/#\/schema\/logo\/image\/","url":"https:\/\/cnr.bcopin.net\/wp-content\/uploads\/2025\/11\/cropped-favicon.jpg","contentUrl":"https:\/\/cnr.bcopin.net\/wp-content\/uploads\/2025\/11\/cropped-favicon.jpg","width":512,"height":512,"caption":"Camping Naturiste La Ch\u00eanaie"},"image":{"@id":"https:\/\/www.campingnaturistelachenaie.com\/#\/schema\/logo\/image\/"}}]}},"_links":{"self":[{"href":"https:\/\/www.campingnaturistelachenaie.com\/index.php?rest_route=\/wp\/v2\/pages\/106","targetHints":{"allow":["GET"]}}],"collection":[{"href":"https:\/\/www.campingnaturistelachenaie.com\/index.php?rest_route=\/wp\/v2\/pages"}],"about":[{"href":"https:\/\/www.campingnaturistelachenaie.com\/index.php?rest_route=\/wp\/v2\/types\/page"}],"author":[{"embeddable":true,"href":"https:\/\/www.campingnaturistelachenaie.com\/index.php?rest_route=\/wp\/v2\/users\/1"}],"replies":[{"embeddable":true,"href":"https:\/\/www.campingnaturistelachenaie.com\/index.php?rest_route=%2Fwp%2Fv2%2Fcomments&post=106"}],"version-history":[{"count":8,"href":"https:\/\/www.campingnaturistelachenaie.com\/index.php?rest_route=\/wp\/v2\/pages\/106\/revisions"}],"predecessor-version":[{"id":292,"href":"https:\/\/www.campingnaturistelachenaie.com\/index.php?rest_route=\/wp\/v2\/pages\/106\/revisions\/292"}],"wp:attachment":[{"href":"https:\/\/www.campingnaturistelachenaie.com\/index.php?rest_route=%2Fwp%2Fv2%2Fmedia&parent=106"}],"curies":[{"name":"wp","href":"https:\/\/api.w.org\/{rel}","templated":true}]}}