{"id":126,"date":"2025-11-06T16:26:04","date_gmt":"2025-11-06T15:26:04","guid":{"rendered":"https:\/\/interne.bcopin.com\/cnr\/wordpress\/?page_id=126"},"modified":"2025-11-11T20:27:23","modified_gmt":"2025-11-11T19:27:23","slug":"politique-en-matiere-de-cookies","status":"publish","type":"page","link":"https:\/\/www.campingnaturistelachenaie.com\/?page_id=126","title":{"rendered":"Politique en mati\u00e8re de cookies"},"content":{"rendered":"\n<h2 class=\"wp-block-heading\">1. Qu&rsquo;est-ce qu&rsquo;un cookie ?<\/h2>\n\n\n\n<p>Un cookie est un petit fichier constitu\u00e9 de lettres et de chiffres, et t\u00e9l\u00e9charg\u00e9 sur votre ordinateur lorsque vous acc\u00e9dez \u00e0 certains sites Web. En g\u00e9n\u00e9ral, les cookies permettent \u00e0 un site Web de reconna\u00eetre l&rsquo;ordinateur de l\u2019utilisateur.<\/p>\n\n\n\n<p>La chose la plus importante \u00e0 savoir sur les cookies que nous pla\u00e7ons est qu&rsquo;ils servent \u00e0 am\u00e9liorer la convivialit\u00e9 de notre site web, par exemple en m\u00e9morisant les pr\u00e9f\u00e9rences du site et les param\u00e8tres linguistiques.<\/p>\n\n\n\n<p><\/p>\n\n\n\n<h2 class=\"wp-block-heading\">2. Pourquoi utilisons-nous des cookies ?<\/h2>\n\n\n\n<p>Nous pouvons utiliser des cookies et d&rsquo;autres technologies similaires pour un certain nombre de raisons, par exemple : i) pour des besoins de s\u00e9curit\u00e9 ou de protection contre la fraude, et afin d&rsquo;identifier et de pr\u00e9venir les cyber-attaques, ii) pour vous fournir le service que vous avez choisi de recevoir de notre part, iii) pour contr\u00f4ler et analyser les performances, le fonctionnement et l&rsquo;efficacit\u00e9 de notre service et iv) am\u00e9liorer votre exp\u00e9rience utilisateur.<\/p>\n\n\n\n<p><\/p>\n\n\n\n<h2 class=\"wp-block-heading\">3. Vos choix :<\/h2>\n\n\n\n<p>Pour en savoir plus sur les cookies, notamment sur la mani\u00e8re de voir quels cookies ont \u00e9t\u00e9 d\u00e9finis et de comprendre comment les g\u00e9rer, les supprimer ou les bloquer, visitez&nbsp;<a href=\"https:\/\/www.aboutcookies.org\/\" target=\"_blank\" rel=\"noreferrer noopener\">https:\/\/aboutcookies.org\/<\/a><a>&nbsp;<\/a>ou&nbsp;<a href=\"https:\/\/www.allaboutcookies.org\/verify\" target=\"_blank\" rel=\"noreferrer noopener\">https:\/\/www.allaboutcookies.org\/fr\/<\/a><a>.<\/a><\/p>\n\n\n\n<p>Il est \u00e9galement possible d&#8217;emp\u00eacher votre navigateur d&rsquo;accepter les cookies en modifiant les param\u00e8tres concern\u00e9s dans votre navigateur. Vous pouvez g\u00e9n\u00e9ralement trouver ces param\u00e8tres dans le menu \u00ab Options \u00bb ou \u00ab Pr\u00e9f\u00e9rences \u00bb de votre navigateur.<\/p>\n\n\n\n<p>Veuillez noter que la suppression de nos cookies ou la d\u00e9sactivation de futurs cookies ou technologies de suivi pourront vous emp\u00eacher d&rsquo;acc\u00e9der \u00e0 certaines zones ou fonctionnalit\u00e9s de nos services, ou pourront autrement affecter n\u00e9gativement votre exp\u00e9rience d&rsquo;utilisateur.<\/p>\n\n\n\n<p>Les liens suivants peuvent \u00eatre utiles, ou vous pouvez utiliser l&rsquo;option \u00ab Aide \u00bb de votre navigateur.<\/p>\n\n\n\n<p>\u200b<\/p>\n\n\n\n<ul class=\"wp-block-list\">\n<li><a href=\"https:\/\/support.mozilla.org\/fr\/kb\/protection-renforcee-contre-pistage-firefox-ordinateur?redirectslug=Enabling+and+disabling+cookies&amp;redirectlocale=en-US\" target=\"_blank\" rel=\"noreferrer noopener\">Param\u00e8tres des cookies dans Firefox<\/a><\/li>\n\n\n\n<li><a href=\"https:\/\/support.microsoft.com\/fr-fr\/topic\/supprimer-et-g%C3%A9rer-les-cookies-168dab11-0753-043d-7c16-ede5947fc64d\" target=\"_blank\" rel=\"noreferrer noopener\">Param\u00e8tres des cookies dans Internet Explorer<\/a><\/li>\n\n\n\n<li><a href=\"https:\/\/support.google.com\/chrome\/answer\/95647?hl=fr\" target=\"_blank\" rel=\"noreferrer noopener\">Param\u00e8tres des cookies dans Google Chrome<\/a><\/li>\n\n\n\n<li><a href=\"https:\/\/support.apple.com\/fr-fr\/guide\/safari\/sfri11471\/mac\" target=\"_blank\" rel=\"noreferrer noopener\">Param\u00e8tres des cookies dans Safari (OS X)<\/a><\/li>\n\n\n\n<li><a href=\"https:\/\/support.apple.com\/fr-fr\/HT201265\" target=\"_blank\" rel=\"noreferrer noopener\">Param\u00e8tres des cookies dans Safari (iOS)<\/a><\/li>\n\n\n\n<li><a href=\"https:\/\/support.google.com\/accounts\/answer\/32050?co=GENIE.Platform%3DAndroid&amp;hl=fr\" target=\"_blank\" rel=\"noreferrer noopener\">Param\u00e8tres des cookies dans Android<\/a><\/li>\n<\/ul>\n\n\n\n<p>\u200b<\/p>\n\n\n\n<p>Pour refuser et emp\u00eacher que vos donn\u00e9es soient utilis\u00e9es par Google Analytics sur tous les sites Web, consultez les instructions suivantes :&nbsp;<\/p>\n\n\n\n<p><a href=\"https:\/\/tools.google.com\/dlpage\/gaoptout?hl=fr\">https:\/\/tools.google.com\/dlpage\/gaoptout?hl=fr<\/a><\/p>\n\n\n\n<p>Il se peut que nous modifiions cette politique en mati\u00e8re de cookies. Nous vous encourageons \u00e0 consulter r\u00e9guli\u00e8rement cette page pour obtenir les derni\u00e8res informations sur les cookies.<\/p>\n","protected":false},"excerpt":{"rendered":"<p>1. Qu&rsquo;est-ce qu&rsquo;un cookie ? Un cookie est un petit fichier constitu\u00e9 de lettres et de chiffres, et t\u00e9l\u00e9charg\u00e9 sur votre ordinateur lorsque vous acc\u00e9dez \u00e0 certains sites Web. En g\u00e9n\u00e9ral, les cookies permettent \u00e0 un site Web de reconna\u00eetre l&rsquo;ordinateur de l\u2019utilisateur. La chose la plus importante \u00e0 savoir sur les cookies que nous [&hellip;]<\/p>\n","protected":false},"author":1,"featured_media":0,"parent":0,"menu_order":0,"comment_status":"closed","ping_status":"closed","template":"","meta":{"footnotes":""},"class_list":["post-126","page","type-page","status-publish","hentry"],"yoast_head":"<!-- This site is optimized with the Yoast SEO plugin v27.3 - https:\/\/yoast.com\/product\/yoast-seo-wordpress\/ -->\n<title>Politique en mati\u00e8re de cookies - Camping Naturiste La Ch\u00eanaie<\/title>\n<meta name=\"robots\" content=\"index, follow, max-snippet:-1, max-image-preview:large, max-video-preview:-1\" \/>\n<link rel=\"canonical\" href=\"https:\/\/www.campingnaturistelachenaie.com\/?page_id=126\" \/>\n<meta property=\"og:locale\" content=\"fr_FR\" \/>\n<meta property=\"og:type\" content=\"article\" \/>\n<meta property=\"og:title\" content=\"Politique en mati\u00e8re de cookies - Camping Naturiste La Ch\u00eanaie\" \/>\n<meta property=\"og:description\" content=\"1. Qu&rsquo;est-ce qu&rsquo;un cookie ? Un cookie est un petit fichier constitu\u00e9 de lettres et de chiffres, et t\u00e9l\u00e9charg\u00e9 sur votre ordinateur lorsque vous acc\u00e9dez \u00e0 certains sites Web. En g\u00e9n\u00e9ral, les cookies permettent \u00e0 un site Web de reconna\u00eetre l&rsquo;ordinateur de l\u2019utilisateur. La chose la plus importante \u00e0 savoir sur les cookies que nous [&hellip;]\" \/>\n<meta property=\"og:url\" content=\"https:\/\/www.campingnaturistelachenaie.com\/?page_id=126\" \/>\n<meta property=\"og:site_name\" content=\"Camping Naturiste La Ch\u00eanaie\" \/>\n<meta property=\"article:modified_time\" content=\"2025-11-11T19:27:23+00:00\" \/>\n<meta name=\"twitter:card\" content=\"summary_large_image\" \/>\n<meta name=\"twitter:label1\" content=\"Dur\u00e9e de lecture estim\u00e9e\" \/>\n\t<meta name=\"twitter:data1\" content=\"2 minutes\" \/>\n<script type=\"application\/ld+json\" class=\"yoast-schema-graph\">{\"@context\":\"https:\\\/\\\/schema.org\",\"@graph\":[{\"@type\":\"WebPage\",\"@id\":\"https:\\\/\\\/www.campingnaturistelachenaie.com\\\/?page_id=126\",\"url\":\"https:\\\/\\\/www.campingnaturistelachenaie.com\\\/?page_id=126\",\"name\":\"Politique en mati\u00e8re de cookies - Camping Naturiste La Ch\u00eanaie\",\"isPartOf\":{\"@id\":\"https:\\\/\\\/www.campingnaturistelachenaie.com\\\/#website\"},\"datePublished\":\"2025-11-06T15:26:04+00:00\",\"dateModified\":\"2025-11-11T19:27:23+00:00\",\"breadcrumb\":{\"@id\":\"https:\\\/\\\/www.campingnaturistelachenaie.com\\\/?page_id=126#breadcrumb\"},\"inLanguage\":\"fr-FR\",\"potentialAction\":[{\"@type\":\"ReadAction\",\"target\":[\"https:\\\/\\\/www.campingnaturistelachenaie.com\\\/?page_id=126\"]}]},{\"@type\":\"BreadcrumbList\",\"@id\":\"https:\\\/\\\/www.campingnaturistelachenaie.com\\\/?page_id=126#breadcrumb\",\"itemListElement\":[{\"@type\":\"ListItem\",\"position\":1,\"name\":\"Home\",\"item\":\"https:\\\/\\\/www.campingnaturistelachenaie.com\\\/\"},{\"@type\":\"ListItem\",\"position\":2,\"name\":\"Politique en mati\u00e8re de cookies\"}]},{\"@type\":\"WebSite\",\"@id\":\"https:\\\/\\\/www.campingnaturistelachenaie.com\\\/#website\",\"url\":\"https:\\\/\\\/www.campingnaturistelachenaie.com\\\/\",\"name\":\"Camping Naturiste La Ch\u00eanaie\",\"description\":\"Camping Naturiste La Ch\u00eanaie\",\"publisher\":{\"@id\":\"https:\\\/\\\/www.campingnaturistelachenaie.com\\\/#organization\"},\"potentialAction\":[{\"@type\":\"SearchAction\",\"target\":{\"@type\":\"EntryPoint\",\"urlTemplate\":\"https:\\\/\\\/www.campingnaturistelachenaie.com\\\/?s={search_term_string}\"},\"query-input\":{\"@type\":\"PropertyValueSpecification\",\"valueRequired\":true,\"valueName\":\"search_term_string\"}}],\"inLanguage\":\"fr-FR\"},{\"@type\":\"Organization\",\"@id\":\"https:\\\/\\\/www.campingnaturistelachenaie.com\\\/#organization\",\"name\":\"Camping Naturiste La Ch\u00eanaie\",\"url\":\"https:\\\/\\\/www.campingnaturistelachenaie.com\\\/\",\"logo\":{\"@type\":\"ImageObject\",\"inLanguage\":\"fr-FR\",\"@id\":\"https:\\\/\\\/www.campingnaturistelachenaie.com\\\/#\\\/schema\\\/logo\\\/image\\\/\",\"url\":\"https:\\\/\\\/cnr.bcopin.net\\\/wp-content\\\/uploads\\\/2025\\\/11\\\/cropped-favicon.jpg\",\"contentUrl\":\"https:\\\/\\\/cnr.bcopin.net\\\/wp-content\\\/uploads\\\/2025\\\/11\\\/cropped-favicon.jpg\",\"width\":512,\"height\":512,\"caption\":\"Camping Naturiste La Ch\u00eanaie\"},\"image\":{\"@id\":\"https:\\\/\\\/www.campingnaturistelachenaie.com\\\/#\\\/schema\\\/logo\\\/image\\\/\"}}]}<\/script>\n<!-- \/ Yoast SEO plugin. -->","yoast_head_json":{"title":"Politique en mati\u00e8re de cookies - Camping Naturiste La Ch\u00eanaie","robots":{"index":"index","follow":"follow","max-snippet":"max-snippet:-1","max-image-preview":"max-image-preview:large","max-video-preview":"max-video-preview:-1"},"canonical":"https:\/\/www.campingnaturistelachenaie.com\/?page_id=126","og_locale":"fr_FR","og_type":"article","og_title":"Politique en mati\u00e8re de cookies - Camping Naturiste La Ch\u00eanaie","og_description":"1. Qu&rsquo;est-ce qu&rsquo;un cookie ? Un cookie est un petit fichier constitu\u00e9 de lettres et de chiffres, et t\u00e9l\u00e9charg\u00e9 sur votre ordinateur lorsque vous acc\u00e9dez \u00e0 certains sites Web. En g\u00e9n\u00e9ral, les cookies permettent \u00e0 un site Web de reconna\u00eetre l&rsquo;ordinateur de l\u2019utilisateur. La chose la plus importante \u00e0 savoir sur les cookies que nous [&hellip;]","og_url":"https:\/\/www.campingnaturistelachenaie.com\/?page_id=126","og_site_name":"Camping Naturiste La Ch\u00eanaie","article_modified_time":"2025-11-11T19:27:23+00:00","twitter_card":"summary_large_image","twitter_misc":{"Dur\u00e9e de lecture estim\u00e9e":"2 minutes"},"schema":{"@context":"https:\/\/schema.org","@graph":[{"@type":"WebPage","@id":"https:\/\/www.campingnaturistelachenaie.com\/?page_id=126","url":"https:\/\/www.campingnaturistelachenaie.com\/?page_id=126","name":"Politique en mati\u00e8re de cookies - Camping Naturiste La Ch\u00eanaie","isPartOf":{"@id":"https:\/\/www.campingnaturistelachenaie.com\/#website"},"datePublished":"2025-11-06T15:26:04+00:00","dateModified":"2025-11-11T19:27:23+00:00","breadcrumb":{"@id":"https:\/\/www.campingnaturistelachenaie.com\/?page_id=126#breadcrumb"},"inLanguage":"fr-FR","potentialAction":[{"@type":"ReadAction","target":["https:\/\/www.campingnaturistelachenaie.com\/?page_id=126"]}]},{"@type":"BreadcrumbList","@id":"https:\/\/www.campingnaturistelachenaie.com\/?page_id=126#breadcrumb","itemListElement":[{"@type":"ListItem","position":1,"name":"Home","item":"https:\/\/www.campingnaturistelachenaie.com\/"},{"@type":"ListItem","position":2,"name":"Politique en mati\u00e8re de cookies"}]},{"@type":"WebSite","@id":"https:\/\/www.campingnaturistelachenaie.com\/#website","url":"https:\/\/www.campingnaturistelachenaie.com\/","name":"Camping Naturiste La Ch\u00eanaie","description":"Camping Naturiste La Ch\u00eanaie","publisher":{"@id":"https:\/\/www.campingnaturistelachenaie.com\/#organization"},"potentialAction":[{"@type":"SearchAction","target":{"@type":"EntryPoint","urlTemplate":"https:\/\/www.campingnaturistelachenaie.com\/?s={search_term_string}"},"query-input":{"@type":"PropertyValueSpecification","valueRequired":true,"valueName":"search_term_string"}}],"inLanguage":"fr-FR"},{"@type":"Organization","@id":"https:\/\/www.campingnaturistelachenaie.com\/#organization","name":"Camping Naturiste La Ch\u00eanaie","url":"https:\/\/www.campingnaturistelachenaie.com\/","logo":{"@type":"ImageObject","inLanguage":"fr-FR","@id":"https:\/\/www.campingnaturistelachenaie.com\/#\/schema\/logo\/image\/","url":"https:\/\/cnr.bcopin.net\/wp-content\/uploads\/2025\/11\/cropped-favicon.jpg","contentUrl":"https:\/\/cnr.bcopin.net\/wp-content\/uploads\/2025\/11\/cropped-favicon.jpg","width":512,"height":512,"caption":"Camping Naturiste La Ch\u00eanaie"},"image":{"@id":"https:\/\/www.campingnaturistelachenaie.com\/#\/schema\/logo\/image\/"}}]}},"_links":{"self":[{"href":"https:\/\/www.campingnaturistelachenaie.com\/index.php?rest_route=\/wp\/v2\/pages\/126","targetHints":{"allow":["GET"]}}],"collection":[{"href":"https:\/\/www.campingnaturistelachenaie.com\/index.php?rest_route=\/wp\/v2\/pages"}],"about":[{"href":"https:\/\/www.campingnaturistelachenaie.com\/index.php?rest_route=\/wp\/v2\/types\/page"}],"author":[{"embeddable":true,"href":"https:\/\/www.campingnaturistelachenaie.com\/index.php?rest_route=\/wp\/v2\/users\/1"}],"replies":[{"embeddable":true,"href":"https:\/\/www.campingnaturistelachenaie.com\/index.php?rest_route=%2Fwp%2Fv2%2Fcomments&post=126"}],"version-history":[{"count":3,"href":"https:\/\/www.campingnaturistelachenaie.com\/index.php?rest_route=\/wp\/v2\/pages\/126\/revisions"}],"predecessor-version":[{"id":241,"href":"https:\/\/www.campingnaturistelachenaie.com\/index.php?rest_route=\/wp\/v2\/pages\/126\/revisions\/241"}],"wp:attachment":[{"href":"https:\/\/www.campingnaturistelachenaie.com\/index.php?rest_route=%2Fwp%2Fv2%2Fmedia&parent=126"}],"curies":[{"name":"wp","href":"https:\/\/api.w.org\/{rel}","templated":true}]}}