{"id":161,"date":"2025-11-07T08:37:25","date_gmt":"2025-11-07T07:37:25","guid":{"rendered":"https:\/\/interne.bcopin.com\/cnr\/wordpress\/?page_id=161"},"modified":"2026-02-02T14:38:49","modified_gmt":"2026-02-02T13:38:49","slug":"reservations","status":"publish","type":"page","link":"https:\/\/www.campingnaturistelachenaie.com\/?page_id=161","title":{"rendered":"R\u00e9servations"},"content":{"rendered":"\n<p class=\"has-text-align-center\"><font color=\"red\">Camping Naturiste La Ch\u00eanaie Licence FFN obligatoire<\/font><\/p>\n\n\n\n<p class=\"has-text-align-center\"><font color=\"green\">Les r\u00e9servations pour la saison 2026 sont maintenant ouvertes.<\/font><\/p>\n\n\n\n<p><\/p>\n\n\n<div id=\"hippocamp-search-widget-container\" \n\tdata-user-id=\"5469\"\n data-language=\"auto\" data-jquery=\"3.2.1\"><\/div>\n<p><script src=\"https:\/\/hippo-camp.fr\/media\/com_campingmanager\/widgets\/search.min.js\" type=\"text\/javascript\"><\/script><\/p>\n\n\n\n<p class=\"has-text-align-center\"><font color=\"red\">Si vous souhaitez r\u00e9gler en plusieurs fois il faudra utiliser le virement bancaire, nous n&rsquo;acceptons plus les ch\u00e8ques.<\/font><\/p>\n","protected":false},"excerpt":{"rendered":"<p>Camping Naturiste La Ch\u00eanaie Licence FFN obligatoire Les r\u00e9servations pour la saison 2026 sont maintenant ouvertes. Si vous souhaitez r\u00e9gler en plusieurs fois il faudra utiliser le virement bancaire, nous n&rsquo;acceptons plus les ch\u00e8ques.<\/p>\n","protected":false},"author":1,"featured_media":0,"parent":0,"menu_order":0,"comment_status":"closed","ping_status":"closed","template":"","meta":{"footnotes":""},"class_list":["post-161","page","type-page","status-publish","hentry"],"yoast_head":"<!-- This site is optimized with the Yoast SEO plugin v27.3 - https:\/\/yoast.com\/product\/yoast-seo-wordpress\/ -->\n<title>R\u00e9servations - Camping Naturiste La Ch\u00eanaie<\/title>\n<meta name=\"robots\" content=\"index, follow, max-snippet:-1, max-image-preview:large, max-video-preview:-1\" \/>\n<link rel=\"canonical\" href=\"https:\/\/www.campingnaturistelachenaie.com\/?page_id=161\" \/>\n<meta property=\"og:locale\" content=\"fr_FR\" \/>\n<meta property=\"og:type\" content=\"article\" \/>\n<meta property=\"og:title\" content=\"R\u00e9servations - Camping Naturiste La Ch\u00eanaie\" \/>\n<meta property=\"og:description\" content=\"Camping Naturiste La Ch\u00eanaie Licence FFN obligatoire Les r\u00e9servations pour la saison 2026 sont maintenant ouvertes. Si vous souhaitez r\u00e9gler en plusieurs fois il faudra utiliser le virement bancaire, nous n&rsquo;acceptons plus les ch\u00e8ques.\" \/>\n<meta property=\"og:url\" content=\"https:\/\/www.campingnaturistelachenaie.com\/?page_id=161\" \/>\n<meta property=\"og:site_name\" content=\"Camping Naturiste La Ch\u00eanaie\" \/>\n<meta property=\"article:modified_time\" content=\"2026-02-02T13:38:49+00:00\" \/>\n<meta name=\"twitter:card\" content=\"summary_large_image\" \/>\n<meta name=\"twitter:label1\" content=\"Dur\u00e9e de lecture estim\u00e9e\" \/>\n\t<meta name=\"twitter:data1\" content=\"1 minute\" \/>\n<script type=\"application\/ld+json\" class=\"yoast-schema-graph\">{\"@context\":\"https:\\\/\\\/schema.org\",\"@graph\":[{\"@type\":\"WebPage\",\"@id\":\"https:\\\/\\\/www.campingnaturistelachenaie.com\\\/?page_id=161\",\"url\":\"https:\\\/\\\/www.campingnaturistelachenaie.com\\\/?page_id=161\",\"name\":\"R\u00e9servations - Camping Naturiste La Ch\u00eanaie\",\"isPartOf\":{\"@id\":\"https:\\\/\\\/www.campingnaturistelachenaie.com\\\/#website\"},\"datePublished\":\"2025-11-07T07:37:25+00:00\",\"dateModified\":\"2026-02-02T13:38:49+00:00\",\"breadcrumb\":{\"@id\":\"https:\\\/\\\/www.campingnaturistelachenaie.com\\\/?page_id=161#breadcrumb\"},\"inLanguage\":\"fr-FR\",\"potentialAction\":[{\"@type\":\"ReadAction\",\"target\":[\"https:\\\/\\\/www.campingnaturistelachenaie.com\\\/?page_id=161\"]}]},{\"@type\":\"BreadcrumbList\",\"@id\":\"https:\\\/\\\/www.campingnaturistelachenaie.com\\\/?page_id=161#breadcrumb\",\"itemListElement\":[{\"@type\":\"ListItem\",\"position\":1,\"name\":\"Home\",\"item\":\"https:\\\/\\\/www.campingnaturistelachenaie.com\\\/\"},{\"@type\":\"ListItem\",\"position\":2,\"name\":\"R\u00e9servations\"}]},{\"@type\":\"WebSite\",\"@id\":\"https:\\\/\\\/www.campingnaturistelachenaie.com\\\/#website\",\"url\":\"https:\\\/\\\/www.campingnaturistelachenaie.com\\\/\",\"name\":\"Camping Naturiste La Ch\u00eanaie\",\"description\":\"Camping Naturiste La Ch\u00eanaie\",\"publisher\":{\"@id\":\"https:\\\/\\\/www.campingnaturistelachenaie.com\\\/#organization\"},\"potentialAction\":[{\"@type\":\"SearchAction\",\"target\":{\"@type\":\"EntryPoint\",\"urlTemplate\":\"https:\\\/\\\/www.campingnaturistelachenaie.com\\\/?s={search_term_string}\"},\"query-input\":{\"@type\":\"PropertyValueSpecification\",\"valueRequired\":true,\"valueName\":\"search_term_string\"}}],\"inLanguage\":\"fr-FR\"},{\"@type\":\"Organization\",\"@id\":\"https:\\\/\\\/www.campingnaturistelachenaie.com\\\/#organization\",\"name\":\"Camping Naturiste La Ch\u00eanaie\",\"url\":\"https:\\\/\\\/www.campingnaturistelachenaie.com\\\/\",\"logo\":{\"@type\":\"ImageObject\",\"inLanguage\":\"fr-FR\",\"@id\":\"https:\\\/\\\/www.campingnaturistelachenaie.com\\\/#\\\/schema\\\/logo\\\/image\\\/\",\"url\":\"https:\\\/\\\/cnr.bcopin.net\\\/wp-content\\\/uploads\\\/2025\\\/11\\\/cropped-favicon.jpg\",\"contentUrl\":\"https:\\\/\\\/cnr.bcopin.net\\\/wp-content\\\/uploads\\\/2025\\\/11\\\/cropped-favicon.jpg\",\"width\":512,\"height\":512,\"caption\":\"Camping Naturiste La Ch\u00eanaie\"},\"image\":{\"@id\":\"https:\\\/\\\/www.campingnaturistelachenaie.com\\\/#\\\/schema\\\/logo\\\/image\\\/\"}}]}<\/script>\n<!-- \/ Yoast SEO plugin. -->","yoast_head_json":{"title":"R\u00e9servations - Camping Naturiste La Ch\u00eanaie","robots":{"index":"index","follow":"follow","max-snippet":"max-snippet:-1","max-image-preview":"max-image-preview:large","max-video-preview":"max-video-preview:-1"},"canonical":"https:\/\/www.campingnaturistelachenaie.com\/?page_id=161","og_locale":"fr_FR","og_type":"article","og_title":"R\u00e9servations - Camping Naturiste La Ch\u00eanaie","og_description":"Camping Naturiste La Ch\u00eanaie Licence FFN obligatoire Les r\u00e9servations pour la saison 2026 sont maintenant ouvertes. Si vous souhaitez r\u00e9gler en plusieurs fois il faudra utiliser le virement bancaire, nous n&rsquo;acceptons plus les ch\u00e8ques.","og_url":"https:\/\/www.campingnaturistelachenaie.com\/?page_id=161","og_site_name":"Camping Naturiste La Ch\u00eanaie","article_modified_time":"2026-02-02T13:38:49+00:00","twitter_card":"summary_large_image","twitter_misc":{"Dur\u00e9e de lecture estim\u00e9e":"1 minute"},"schema":{"@context":"https:\/\/schema.org","@graph":[{"@type":"WebPage","@id":"https:\/\/www.campingnaturistelachenaie.com\/?page_id=161","url":"https:\/\/www.campingnaturistelachenaie.com\/?page_id=161","name":"R\u00e9servations - Camping Naturiste La Ch\u00eanaie","isPartOf":{"@id":"https:\/\/www.campingnaturistelachenaie.com\/#website"},"datePublished":"2025-11-07T07:37:25+00:00","dateModified":"2026-02-02T13:38:49+00:00","breadcrumb":{"@id":"https:\/\/www.campingnaturistelachenaie.com\/?page_id=161#breadcrumb"},"inLanguage":"fr-FR","potentialAction":[{"@type":"ReadAction","target":["https:\/\/www.campingnaturistelachenaie.com\/?page_id=161"]}]},{"@type":"BreadcrumbList","@id":"https:\/\/www.campingnaturistelachenaie.com\/?page_id=161#breadcrumb","itemListElement":[{"@type":"ListItem","position":1,"name":"Home","item":"https:\/\/www.campingnaturistelachenaie.com\/"},{"@type":"ListItem","position":2,"name":"R\u00e9servations"}]},{"@type":"WebSite","@id":"https:\/\/www.campingnaturistelachenaie.com\/#website","url":"https:\/\/www.campingnaturistelachenaie.com\/","name":"Camping Naturiste La Ch\u00eanaie","description":"Camping Naturiste La Ch\u00eanaie","publisher":{"@id":"https:\/\/www.campingnaturistelachenaie.com\/#organization"},"potentialAction":[{"@type":"SearchAction","target":{"@type":"EntryPoint","urlTemplate":"https:\/\/www.campingnaturistelachenaie.com\/?s={search_term_string}"},"query-input":{"@type":"PropertyValueSpecification","valueRequired":true,"valueName":"search_term_string"}}],"inLanguage":"fr-FR"},{"@type":"Organization","@id":"https:\/\/www.campingnaturistelachenaie.com\/#organization","name":"Camping Naturiste La Ch\u00eanaie","url":"https:\/\/www.campingnaturistelachenaie.com\/","logo":{"@type":"ImageObject","inLanguage":"fr-FR","@id":"https:\/\/www.campingnaturistelachenaie.com\/#\/schema\/logo\/image\/","url":"https:\/\/cnr.bcopin.net\/wp-content\/uploads\/2025\/11\/cropped-favicon.jpg","contentUrl":"https:\/\/cnr.bcopin.net\/wp-content\/uploads\/2025\/11\/cropped-favicon.jpg","width":512,"height":512,"caption":"Camping Naturiste La Ch\u00eanaie"},"image":{"@id":"https:\/\/www.campingnaturistelachenaie.com\/#\/schema\/logo\/image\/"}}]}},"_links":{"self":[{"href":"https:\/\/www.campingnaturistelachenaie.com\/index.php?rest_route=\/wp\/v2\/pages\/161","targetHints":{"allow":["GET"]}}],"collection":[{"href":"https:\/\/www.campingnaturistelachenaie.com\/index.php?rest_route=\/wp\/v2\/pages"}],"about":[{"href":"https:\/\/www.campingnaturistelachenaie.com\/index.php?rest_route=\/wp\/v2\/types\/page"}],"author":[{"embeddable":true,"href":"https:\/\/www.campingnaturistelachenaie.com\/index.php?rest_route=\/wp\/v2\/users\/1"}],"replies":[{"embeddable":true,"href":"https:\/\/www.campingnaturistelachenaie.com\/index.php?rest_route=%2Fwp%2Fv2%2Fcomments&post=161"}],"version-history":[{"count":21,"href":"https:\/\/www.campingnaturistelachenaie.com\/index.php?rest_route=\/wp\/v2\/pages\/161\/revisions"}],"predecessor-version":[{"id":303,"href":"https:\/\/www.campingnaturistelachenaie.com\/index.php?rest_route=\/wp\/v2\/pages\/161\/revisions\/303"}],"wp:attachment":[{"href":"https:\/\/www.campingnaturistelachenaie.com\/index.php?rest_route=%2Fwp%2Fv2%2Fmedia&parent=161"}],"curies":[{"name":"wp","href":"https:\/\/api.w.org\/{rel}","templated":true}]}}