{"id":3,"date":"2025-11-05T15:50:23","date_gmt":"2025-11-05T14:50:23","guid":{"rendered":"https:\/\/interne.bcopin.com\/cnr\/wordpress\/?page_id=3"},"modified":"2025-11-05T16:44:58","modified_gmt":"2025-11-05T15:44:58","slug":"politique-de-confidentialite","status":"publish","type":"page","link":"https:\/\/www.campingnaturistelachenaie.com\/?page_id=3","title":{"rendered":"Politique de confidentialit\u00e9"},"content":{"rendered":"\n<h2 class=\"wp-block-heading\">Propri\u00e9t\u00e9 intellectuelle et Copyright \u00a9 :<\/h2>\n\n\n\n<p>L\u2019ensemble de ce Site rel\u00e8ve des l\u00e9gislations fran\u00e7aises et internationales sur le droit d\u2019auteur et la propri\u00e9t\u00e9 intellectuelle. Tous les droits de reproduction sont r\u00e9serv\u00e9s, y compris pour les documents iconographiques et photographiques. Aucun \u00e9l\u00e9ment composant ce Site ne peut \u00eatre copi\u00e9, reproduit, modifi\u00e9, r\u00e9\u00e9dit\u00e9, charg\u00e9, d\u00e9natur\u00e9, transmis ou distribu\u00e9 de quelque mani\u00e8re que ce soit, sous quelque support que ce soit, de fa\u00e7on partielle ou int\u00e9grale, sans l\u2019autorisation \u00e9crite et pr\u00e9alable de l\u2019\u00e9diteur et du responsable de publication du Site \u00e0 l\u2019exception d\u2019une stricte utilisation pour les besoins de la presse et\/ou un usage priv\u00e9 et sous r\u00e9serve du respect des droits de propri\u00e9t\u00e9 intellectuelle et de tout autre droit de propri\u00e9t\u00e9. En ce qui concerne l\u2019usage priv\u00e9, seule la copie et la transmission \u00e0 usage personnel, priv\u00e9 et non commercial sont admises. Par ailleurs, chaque copie ou utilisation autoris\u00e9e de tout ou partie du contenu de ce Site quel qu\u2019il soit, doit se faire sans d\u00e9naturation, modification ou alt\u00e9ration de quelque mani\u00e8re que ce soit, et comporter la mention suivante \u00ab COPYRIGHT \u2013 TOUS DROITS R\u00c9SERV\u00c9S \u00bb, inscrit lisiblement. A d\u00e9faut, l\u2019\u00e9diteur et\/ou le responsable de publication du Site se r\u00e9servent le droit de poursuivre tout acte de contrefa\u00e7on de leurs droits de propri\u00e9t\u00e9 intellectuelle.<\/p>\n\n\n\n<h2 class=\"wp-block-heading\">Politique de liens :<\/h2>\n\n\n\n<h3 class=\"wp-block-heading\">Cr\u00e9ation de liens vers le Site<\/h3>\n\n\n\n<p>Est autoris\u00e9 la mise en place d\u2019un lien hypertexte pointant vers la page d\u2019accueil du Site, sous r\u00e9serve que le site vers lequel pointe le lien s\u2019ouvre dans une autre fen\u00eatre du navigateur. Est interdite, sauf accord expresse de l\u2019\u00e9diteur du Site, la cr\u00e9ation de lien profond, vers le contenu du Site, autre que la page d\u2019accueil. Les informations utilis\u00e9es ne doivent l\u2019\u00eatre qu\u2019\u00e0 des fins personnelles ; toute utilisation \u00e0 des fins commerciales ou publicitaires est exclue. Important ! Cette autorisation ne s\u2019applique pas aux sites Internet diffusant des informations \u00e0 caract\u00e8re pol\u00e9mique, pornographique, x\u00e9nophobe ou pouvant, dans une plus large mesure, porter atteinte \u00e0 la sensibilit\u00e9 du plus grand nombre et aux bonnes m\u0153urs. Pour d\u2019autres utilisations, veuillez consulter l\u2019\u00e9diteur du Site. Par ailleurs, concernant les sites externes pouvant contenir des liens hypertextes pointant vers ce Site, en tout \u00e9tat de cause, ni l\u2019\u00e9diteur ni le responsable de publication ne peuvent \u00eatre tenus pour responsables de l\u2019indisponibilit\u00e9 de tels sites, ni n\u2019examinent, ne contr\u00f4lent et n\u2019approuvent ou ne sont responsables des contenus, publicit\u00e9s, produits ou autres \u00e9l\u00e9ments disponibles sur ou via ces sites.<\/p>\n\n\n\n<h3 class=\"wp-block-heading\">Liens vers d\u2019autres sites<\/h3>\n\n\n\n<p>La responsabilit\u00e9 de l\u2019\u00e9diteur et du directeur de la publication du Site ne saurait \u00eatre engag\u00e9e au titre d\u2019un site tiers auquel vous auriez acc\u00e8s via ce Site. Nous ne disposons d\u2019aucun moyen de contr\u00f4le du contenu de ces sites tiers qui demeurent, en tout \u00e9tat de cause, totalement ind\u00e9pendants. De surcro\u00eet, l\u2019existence d\u2019un lien entre ce Site et un site tiers ne signifie en aucun cas que nous approuvons \u00e0 quelque titre que ce soit le contenu de ce site et a fortiori l\u2019usage qui pourrait en \u00eatre fait. En outre, il vous incombe de prendre les pr\u00e9cautions n\u00e9cessaires pour \u00e9viter toute contamination de votre mat\u00e9riel informatique ainsi que du Site par, notamment, un ou plusieurs \u00ab virus \u00bb, \u00ab cheval de Troie \u00bb, \u00ab vers \u00bb, \u00ab spyware \u00bb ou tout autres \u00ab parasites \u00bb num\u00e9riques.<\/p>\n\n\n\n<p>\u200b<\/p>\n\n\n\n<h2 class=\"wp-block-heading\">Informations nominatives, non nominatives, autres informations et protection des donn\u00e9es personnelles :<\/h2>\n\n\n\n<h3 class=\"wp-block-heading\">Principes g\u00e9n\u00e9raux :<\/h3>\n\n\n\n<p>Aucune information personnelle n\u2019est collect\u00e9e sur ce Site \u00e0 votre insu. Aucune information personnelle n\u2019est c\u00e9d\u00e9e \u00e0 des tiers non partenaires et\/ou non labellis\u00e9s par l\u2019\u00e9diteur ou le directeur de publication du Site. Les donn\u00e9es personnelles collect\u00e9es sont n\u00e9cessaires \u00e0 traiter vos demandes dans les meilleures condition de qualit\u00e9 et de rapidit\u00e9. Conform\u00e9ment \u00e0 la loi n\u00b078-17 du 06 janvier 1978 relative \u00e0 l\u2019informatique, aux fichiers et aux libert\u00e9s, vous disposez d\u2019un droit d\u2019acc\u00e8s, de modification, de rectification et de suppression des donn\u00e9es personnelles qui vous concernent. Pour cela, il suffit d\u2019en faire la demande en utilisant l\u2019un des moyens de nous contacter disponible sur la page d\u2019accueil de ce Site (adresse postale, t\u00e9l\u00e9phone, Fax, etc.) et notamment par l\u2019interm\u00e9diaire du formulaire de contact par e-mail attach\u00e9 \u00e0 ce site Internet.<\/p>\n\n\n\n<p>\u200b<\/p>\n\n\n\n<h2 class=\"wp-block-heading\">Principes de fonctionnement des outils de communication du site :<\/h2>\n\n\n\n<h3 class=\"wp-block-heading\">Fonction \u00ab Newsletter \u00bb<\/h3>\n\n\n\n<p>Les adresses \u00e9lectroniques enregistr\u00e9es dans le cadre de cette fonction sont stock\u00e9es \u00e0 la seule fin de transmission, par l\u2019exploitant et\/ou l\u2019\u00e9diteur de ce Site, d\u2019informations de natures diverses aux personnes physiques ou morales s\u2019\u00e9tant inscrites par ce moyen \u00e0 la mailing liste de ce Site.<\/p>\n\n\n\n<h3 class=\"wp-block-heading\">Formulaires&nbsp;<\/h3>\n\n\n\n<p>Les informations et adresses \u00e9lectroniques collect\u00e9es dans le cadre de cette fonction ne sont ni c\u00e9d\u00e9es, ni transmises \u00e0 des tiers et servent uniquement \u00e0 traiter vos demandes avec une qualit\u00e9 de service maximale.<\/p>\n\n\n\n<h3 class=\"wp-block-heading\">Syst\u00e8mes de messagerie<\/h3>\n\n\n\n<p>Les adresses \u00e9lectroniques recueillies par le biais de la messagerie ne seront ni c\u00e9d\u00e9es, ni transmises \u00e0 des tiers. Nous ne divulguerons pas \u00e0 des tiers les donn\u00e9es personnelles vous concernant que vous pourriez communiquer par le moyen de la messagerie \u00e9lectronique rattach\u00e9e \u00e0 ce Site. L\u2019ensemble des informations collect\u00e9es ne sont utilis\u00e9es que dans le but de vous r\u00e9pondre le plus efficacement possible. Par ailleurs, ce Site n\u2019est pas destin\u00e9 \u00e0 recevoir de votre part des informations \u00e0 caract\u00e8re confidentiel. En cons\u00e9quence et \u00e0 l\u2019exception des donn\u00e9es personnelles vis\u00e9es ci-dessus, quelle que soit la forme des informations que vous nous communiquerez par le moyen de la messagerie, elles ne seront en aucun cas tenue pour confidentielles. En cons\u00e9quence, leur simple transmission par vos soins nous conf\u00e8re le droit de les utiliser, les reproduire, les diffuser, les modifier ou de les transmettre dans le but de traiter votre demande.<\/p>\n\n\n\n<p>\u200b<\/p>\n\n\n\n<h2 class=\"wp-block-heading\">Nature des informations contenues sur ce Site et limitation de responsabilit\u00e9 :<\/h2>\n\n\n\n<p>L\u2019\u00e9diteur du site et\/ou le responsable de publication du Site s\u2019efforcent d\u2019assurer au mieux de leurs possibilit\u00e9s, l\u2019exactitude et la mise \u00e0 jour de toutes les informations contenues et\/ou diffus\u00e9es par le moyen de ce Site, dont ils se r\u00e9servent le droit de corriger, \u00e0 tout moment et sans pr\u00e9avis, le contenu. Toutefois, l\u2019\u00e9diteur et le responsable de publication de ce Site ne peuvent garantir l\u2019exactitude, la pr\u00e9cision, la mise \u00e0 jour ou l\u2019exhaustivit\u00e9 des informations mises \u00e0 disposition sur ce Site. En cons\u00e9quence, et \u00e0 l\u2019exception des dommages directs r\u00e9sultant d\u2019une faute lourde ou intentionnelle de l\u2019\u00e9diteur ou du responsable de publication de ce Site, ces derniers d\u00e9clinent toute responsabilit\u00e9 :<\/p>\n\n\n\n<ul class=\"wp-block-list\">\n<li>\n<ul class=\"wp-block-list\">\n<li>Pour toute impr\u00e9cision, inexactitude ou omission portant sur des informations disponibles sur ce Site,<\/li>\n\n\n\n<li>Pour tout dommage r\u00e9sultant d\u2019une intrusion frauduleuse d\u2019un tiers, ayant entra\u00een\u00e9 une modification des informations ou \u00e9l\u00e9ments mis \u00e0 la disposition sur ce Site,<\/li>\n<\/ul>\n<\/li>\n<\/ul>\n\n\n\n<p>Et plus g\u00e9n\u00e9ralement pour tout dommage, direct ou indirect, quelles qu\u2019en soit les causes, origines, natures ou cons\u00e9quences, quand bien m\u00eame l\u2019\u00e9diteur et le responsable de publication de ce Site auraient \u00e9t\u00e9 avis\u00e9s de la possibilit\u00e9 de tels dommages, provoqu\u00e9s \u00e0 raison de l\u2019acc\u00e8s de quiconque au Site ou de l\u2019impossibilit\u00e9 d\u2019y acc\u00e9der, de l\u2019utilisation du Site, incluant toutes d\u00e9t\u00e9riorations ou virus qui pourraient infecter votre \u00e9quipement informatique ou tout autre bien, et\/ou du cr\u00e9dit accord\u00e9 \u00e0 une quelconque information provenant directement ou indirectement de ce Site.<\/p>\n\n\n\n<p>Les \u00e9l\u00e9ments de ce Site ou de tout autre Site sont fournis \u00ab en l\u2019\u00e9tat \u00bb sans aucune garantie d\u2019aucune sorte, implicite ou explicite. L\u2019\u00e9diteur et le responsable de publication de ce Site n\u2019offrent aucune garantie,<\/p>\n","protected":false},"excerpt":{"rendered":"<p>Propri\u00e9t\u00e9 intellectuelle et Copyright \u00a9 : L\u2019ensemble de ce Site rel\u00e8ve des l\u00e9gislations fran\u00e7aises et internationales sur le droit d\u2019auteur et la propri\u00e9t\u00e9 intellectuelle. Tous les droits de reproduction sont r\u00e9serv\u00e9s, y compris pour les documents iconographiques et photographiques. Aucun \u00e9l\u00e9ment composant ce Site ne peut \u00eatre copi\u00e9, reproduit, modifi\u00e9, r\u00e9\u00e9dit\u00e9, charg\u00e9, d\u00e9natur\u00e9, transmis ou [&hellip;]<\/p>\n","protected":false},"author":1,"featured_media":0,"parent":0,"menu_order":0,"comment_status":"closed","ping_status":"open","template":"","meta":{"footnotes":""},"class_list":["post-3","page","type-page","status-publish","hentry"],"yoast_head":"<!-- This site is optimized with the Yoast SEO plugin v27.3 - https:\/\/yoast.com\/product\/yoast-seo-wordpress\/ -->\n<title>Politique de confidentialit\u00e9 - Camping Naturiste La Ch\u00eanaie<\/title>\n<meta name=\"robots\" content=\"index, follow, max-snippet:-1, max-image-preview:large, max-video-preview:-1\" \/>\n<link rel=\"canonical\" href=\"https:\/\/www.campingnaturistelachenaie.com\/?page_id=3\" \/>\n<meta property=\"og:locale\" content=\"fr_FR\" \/>\n<meta property=\"og:type\" content=\"article\" \/>\n<meta property=\"og:title\" content=\"Politique de confidentialit\u00e9 - Camping Naturiste La Ch\u00eanaie\" \/>\n<meta property=\"og:description\" content=\"Propri\u00e9t\u00e9 intellectuelle et Copyright \u00a9 : L\u2019ensemble de ce Site rel\u00e8ve des l\u00e9gislations fran\u00e7aises et internationales sur le droit d\u2019auteur et la propri\u00e9t\u00e9 intellectuelle. Tous les droits de reproduction sont r\u00e9serv\u00e9s, y compris pour les documents iconographiques et photographiques. Aucun \u00e9l\u00e9ment composant ce Site ne peut \u00eatre copi\u00e9, reproduit, modifi\u00e9, r\u00e9\u00e9dit\u00e9, charg\u00e9, d\u00e9natur\u00e9, transmis ou [&hellip;]\" \/>\n<meta property=\"og:url\" content=\"https:\/\/www.campingnaturistelachenaie.com\/?page_id=3\" \/>\n<meta property=\"og:site_name\" content=\"Camping Naturiste La Ch\u00eanaie\" \/>\n<meta property=\"article:modified_time\" content=\"2025-11-05T15:44:58+00:00\" \/>\n<meta name=\"twitter:card\" content=\"summary_large_image\" \/>\n<meta name=\"twitter:label1\" content=\"Dur\u00e9e de lecture estim\u00e9e\" \/>\n\t<meta name=\"twitter:data1\" content=\"7 minutes\" \/>\n<script type=\"application\/ld+json\" class=\"yoast-schema-graph\">{\"@context\":\"https:\\\/\\\/schema.org\",\"@graph\":[{\"@type\":\"WebPage\",\"@id\":\"https:\\\/\\\/www.campingnaturistelachenaie.com\\\/?page_id=3\",\"url\":\"https:\\\/\\\/www.campingnaturistelachenaie.com\\\/?page_id=3\",\"name\":\"Politique de confidentialit\u00e9 - Camping Naturiste La Ch\u00eanaie\",\"isPartOf\":{\"@id\":\"https:\\\/\\\/www.campingnaturistelachenaie.com\\\/#website\"},\"datePublished\":\"2025-11-05T14:50:23+00:00\",\"dateModified\":\"2025-11-05T15:44:58+00:00\",\"breadcrumb\":{\"@id\":\"https:\\\/\\\/www.campingnaturistelachenaie.com\\\/?page_id=3#breadcrumb\"},\"inLanguage\":\"fr-FR\",\"potentialAction\":[{\"@type\":\"ReadAction\",\"target\":[\"https:\\\/\\\/www.campingnaturistelachenaie.com\\\/?page_id=3\"]}]},{\"@type\":\"BreadcrumbList\",\"@id\":\"https:\\\/\\\/www.campingnaturistelachenaie.com\\\/?page_id=3#breadcrumb\",\"itemListElement\":[{\"@type\":\"ListItem\",\"position\":1,\"name\":\"Home\",\"item\":\"https:\\\/\\\/www.campingnaturistelachenaie.com\\\/\"},{\"@type\":\"ListItem\",\"position\":2,\"name\":\"Politique de confidentialit\u00e9\"}]},{\"@type\":\"WebSite\",\"@id\":\"https:\\\/\\\/www.campingnaturistelachenaie.com\\\/#website\",\"url\":\"https:\\\/\\\/www.campingnaturistelachenaie.com\\\/\",\"name\":\"Camping Naturiste La Ch\u00eanaie\",\"description\":\"Camping Naturiste La Ch\u00eanaie\",\"publisher\":{\"@id\":\"https:\\\/\\\/www.campingnaturistelachenaie.com\\\/#organization\"},\"potentialAction\":[{\"@type\":\"SearchAction\",\"target\":{\"@type\":\"EntryPoint\",\"urlTemplate\":\"https:\\\/\\\/www.campingnaturistelachenaie.com\\\/?s={search_term_string}\"},\"query-input\":{\"@type\":\"PropertyValueSpecification\",\"valueRequired\":true,\"valueName\":\"search_term_string\"}}],\"inLanguage\":\"fr-FR\"},{\"@type\":\"Organization\",\"@id\":\"https:\\\/\\\/www.campingnaturistelachenaie.com\\\/#organization\",\"name\":\"Camping Naturiste La Ch\u00eanaie\",\"url\":\"https:\\\/\\\/www.campingnaturistelachenaie.com\\\/\",\"logo\":{\"@type\":\"ImageObject\",\"inLanguage\":\"fr-FR\",\"@id\":\"https:\\\/\\\/www.campingnaturistelachenaie.com\\\/#\\\/schema\\\/logo\\\/image\\\/\",\"url\":\"https:\\\/\\\/cnr.bcopin.net\\\/wp-content\\\/uploads\\\/2025\\\/11\\\/cropped-favicon.jpg\",\"contentUrl\":\"https:\\\/\\\/cnr.bcopin.net\\\/wp-content\\\/uploads\\\/2025\\\/11\\\/cropped-favicon.jpg\",\"width\":512,\"height\":512,\"caption\":\"Camping Naturiste La Ch\u00eanaie\"},\"image\":{\"@id\":\"https:\\\/\\\/www.campingnaturistelachenaie.com\\\/#\\\/schema\\\/logo\\\/image\\\/\"}}]}<\/script>\n<!-- \/ Yoast SEO plugin. -->","yoast_head_json":{"title":"Politique de confidentialit\u00e9 - Camping Naturiste La Ch\u00eanaie","robots":{"index":"index","follow":"follow","max-snippet":"max-snippet:-1","max-image-preview":"max-image-preview:large","max-video-preview":"max-video-preview:-1"},"canonical":"https:\/\/www.campingnaturistelachenaie.com\/?page_id=3","og_locale":"fr_FR","og_type":"article","og_title":"Politique de confidentialit\u00e9 - Camping Naturiste La Ch\u00eanaie","og_description":"Propri\u00e9t\u00e9 intellectuelle et Copyright \u00a9 : L\u2019ensemble de ce Site rel\u00e8ve des l\u00e9gislations fran\u00e7aises et internationales sur le droit d\u2019auteur et la propri\u00e9t\u00e9 intellectuelle. Tous les droits de reproduction sont r\u00e9serv\u00e9s, y compris pour les documents iconographiques et photographiques. Aucun \u00e9l\u00e9ment composant ce Site ne peut \u00eatre copi\u00e9, reproduit, modifi\u00e9, r\u00e9\u00e9dit\u00e9, charg\u00e9, d\u00e9natur\u00e9, transmis ou [&hellip;]","og_url":"https:\/\/www.campingnaturistelachenaie.com\/?page_id=3","og_site_name":"Camping Naturiste La Ch\u00eanaie","article_modified_time":"2025-11-05T15:44:58+00:00","twitter_card":"summary_large_image","twitter_misc":{"Dur\u00e9e de lecture estim\u00e9e":"7 minutes"},"schema":{"@context":"https:\/\/schema.org","@graph":[{"@type":"WebPage","@id":"https:\/\/www.campingnaturistelachenaie.com\/?page_id=3","url":"https:\/\/www.campingnaturistelachenaie.com\/?page_id=3","name":"Politique de confidentialit\u00e9 - Camping Naturiste La Ch\u00eanaie","isPartOf":{"@id":"https:\/\/www.campingnaturistelachenaie.com\/#website"},"datePublished":"2025-11-05T14:50:23+00:00","dateModified":"2025-11-05T15:44:58+00:00","breadcrumb":{"@id":"https:\/\/www.campingnaturistelachenaie.com\/?page_id=3#breadcrumb"},"inLanguage":"fr-FR","potentialAction":[{"@type":"ReadAction","target":["https:\/\/www.campingnaturistelachenaie.com\/?page_id=3"]}]},{"@type":"BreadcrumbList","@id":"https:\/\/www.campingnaturistelachenaie.com\/?page_id=3#breadcrumb","itemListElement":[{"@type":"ListItem","position":1,"name":"Home","item":"https:\/\/www.campingnaturistelachenaie.com\/"},{"@type":"ListItem","position":2,"name":"Politique de confidentialit\u00e9"}]},{"@type":"WebSite","@id":"https:\/\/www.campingnaturistelachenaie.com\/#website","url":"https:\/\/www.campingnaturistelachenaie.com\/","name":"Camping Naturiste La Ch\u00eanaie","description":"Camping Naturiste La Ch\u00eanaie","publisher":{"@id":"https:\/\/www.campingnaturistelachenaie.com\/#organization"},"potentialAction":[{"@type":"SearchAction","target":{"@type":"EntryPoint","urlTemplate":"https:\/\/www.campingnaturistelachenaie.com\/?s={search_term_string}"},"query-input":{"@type":"PropertyValueSpecification","valueRequired":true,"valueName":"search_term_string"}}],"inLanguage":"fr-FR"},{"@type":"Organization","@id":"https:\/\/www.campingnaturistelachenaie.com\/#organization","name":"Camping Naturiste La Ch\u00eanaie","url":"https:\/\/www.campingnaturistelachenaie.com\/","logo":{"@type":"ImageObject","inLanguage":"fr-FR","@id":"https:\/\/www.campingnaturistelachenaie.com\/#\/schema\/logo\/image\/","url":"https:\/\/cnr.bcopin.net\/wp-content\/uploads\/2025\/11\/cropped-favicon.jpg","contentUrl":"https:\/\/cnr.bcopin.net\/wp-content\/uploads\/2025\/11\/cropped-favicon.jpg","width":512,"height":512,"caption":"Camping Naturiste La Ch\u00eanaie"},"image":{"@id":"https:\/\/www.campingnaturistelachenaie.com\/#\/schema\/logo\/image\/"}}]}},"_links":{"self":[{"href":"https:\/\/www.campingnaturistelachenaie.com\/index.php?rest_route=\/wp\/v2\/pages\/3","targetHints":{"allow":["GET"]}}],"collection":[{"href":"https:\/\/www.campingnaturistelachenaie.com\/index.php?rest_route=\/wp\/v2\/pages"}],"about":[{"href":"https:\/\/www.campingnaturistelachenaie.com\/index.php?rest_route=\/wp\/v2\/types\/page"}],"author":[{"embeddable":true,"href":"https:\/\/www.campingnaturistelachenaie.com\/index.php?rest_route=\/wp\/v2\/users\/1"}],"replies":[{"embeddable":true,"href":"https:\/\/www.campingnaturistelachenaie.com\/index.php?rest_route=%2Fwp%2Fv2%2Fcomments&post=3"}],"version-history":[{"count":1,"href":"https:\/\/www.campingnaturistelachenaie.com\/index.php?rest_route=\/wp\/v2\/pages\/3\/revisions"}],"predecessor-version":[{"id":38,"href":"https:\/\/www.campingnaturistelachenaie.com\/index.php?rest_route=\/wp\/v2\/pages\/3\/revisions\/38"}],"wp:attachment":[{"href":"https:\/\/www.campingnaturistelachenaie.com\/index.php?rest_route=%2Fwp%2Fv2%2Fmedia&parent=3"}],"curies":[{"name":"wp","href":"https:\/\/api.w.org\/{rel}","templated":true}]}}