{"id":47,"date":"2025-11-05T16:55:42","date_gmt":"2025-11-05T15:55:42","guid":{"rendered":"https:\/\/interne.bcopin.com\/cnr\/wordpress\/?page_id=47"},"modified":"2026-02-02T14:36:00","modified_gmt":"2026-02-02T13:36:00","slug":"le-camping","status":"publish","type":"page","link":"https:\/\/www.campingnaturistelachenaie.com\/?page_id=47","title":{"rendered":"Bienvenue au camping naturiste La Ch\u00eanaie"},"content":{"rendered":"\n<h2 class=\"wp-block-heading\"><\/h2>\n\n\n\n<p>D\u00e9couvrez ici votre future destination pour des vacances en pleine nature Normande. Notre camping naturiste vous accueille depuis &nbsp;1975 gr\u00e2ce \u00e0 notre association (loi 1901) : Le Club Des Naturistes Rouennais a \u00e9t\u00e9 fond\u00e9 par Andr\u00e9 MEIRE et Lionnel NOUET. Situ\u00e9 \u00e0 Anneville Ambourville, proche de Rouen. Les membres de cette communaut\u00e9 ont \u00e0 c\u0153ur de promouvoir la pratique du naturisme, un mode de vie respectueux de la nature et de soi-m\u00eame.<\/p>\n\n\n\n<p><\/p>\n\n\n\n<figure class=\"wp-block-image aligncenter size-large is-resized\"><img loading=\"lazy\" decoding=\"async\" width=\"1024\" height=\"444\" src=\"wp-content\/uploads\/2025\/11\/golf-1024x444.avif\" alt=\"\" class=\"wp-image-52\" style=\"width:735px;height:auto\" srcset=\"https:\/\/www.campingnaturistelachenaie.com\/wp-content\/uploads\/2025\/11\/golf-1024x444.avif 1024w, https:\/\/www.campingnaturistelachenaie.com\/wp-content\/uploads\/2025\/11\/golf-300x130.avif 300w, https:\/\/www.campingnaturistelachenaie.com\/wp-content\/uploads\/2025\/11\/golf-768x333.avif 768w, https:\/\/www.campingnaturistelachenaie.com\/wp-content\/uploads\/2025\/11\/golf.avif 1200w\" sizes=\"auto, (max-width: 1024px) 100vw, 1024px\" \/><\/figure>\n\n\n\n<p>Vivez une exp\u00e9rience unique au calme, au c\u0153ur de la vall\u00e9e de la seine pr\u00e8s de Rouen, au c\u0153ur d\u2019un espace naturel r\u00e9am\u00e9nag\u00e9 chaque hiver.<\/p>\n\n\n\n<p>Retrouvez nos mobile homes et caravanes, au c\u0153ur de la for\u00eat, o\u00f9 4 hectares sont am\u00e9nag\u00e9s pour de nombreuses activit\u00e9s : la piscine ext\u00e9rieure chauff\u00e9e, la p\u00e9tanque, le mini-golf, le tir \u00e0 l&rsquo;arc&#8230; Un s\u00e9jour nature, original et agr\u00e9able pour se ressourcer durant vos week-ends et vos vacances.<\/p>\n\n\n\n<figure class=\"wp-block-image size-large\"><img loading=\"lazy\" decoding=\"async\" width=\"1024\" height=\"420\" src=\"https:\/\/www.campingnaturistelachenaie.com\/wp-content\/uploads\/2025\/11\/Terrasse-piscine-1-1024x420.avif\" alt=\"\" class=\"wp-image-58\" srcset=\"https:\/\/www.campingnaturistelachenaie.com\/wp-content\/uploads\/2025\/11\/Terrasse-piscine-1-1024x420.avif 1024w, https:\/\/www.campingnaturistelachenaie.com\/wp-content\/uploads\/2025\/11\/Terrasse-piscine-1-300x123.avif 300w, https:\/\/www.campingnaturistelachenaie.com\/wp-content\/uploads\/2025\/11\/Terrasse-piscine-1-768x315.avif 768w, https:\/\/www.campingnaturistelachenaie.com\/wp-content\/uploads\/2025\/11\/Terrasse-piscine-1-1536x630.avif 1536w, https:\/\/www.campingnaturistelachenaie.com\/wp-content\/uploads\/2025\/11\/Terrasse-piscine-1.avif 1830w\" sizes=\"auto, (max-width: 1024px) 100vw, 1024px\" \/><\/figure>\n\n\n\n<p>Le naturisme est un mode de vie qui pr\u00f4ne le retour \u00e0 la nature et le respect de soi-m\u00eame et des autres. Il encourage la nudit\u00e9 comme moyen de se connecter avec la nature et de favoriser le bien-\u00eatre physique et mental. Notre camping naturiste et familial est un lieu de vacances o\u00f9 les adeptes du naturisme peuvent profiter de cette pratique.<\/p>\n\n\n\n<p>Toutes personnes ayant un comportement contraire au r\u00e8glement int\u00e9rieur et \u00e0 l&rsquo;esprit du naturisme seront imm\u00e9diatement renvoy\u00e9es du camping.&nbsp;<\/p>\n","protected":false},"excerpt":{"rendered":"<p>D\u00e9couvrez ici votre future destination pour des vacances en pleine nature Normande. Notre camping naturiste vous accueille depuis &nbsp;1975 gr\u00e2ce \u00e0 notre association (loi 1901) : Le Club Des Naturistes Rouennais a \u00e9t\u00e9 fond\u00e9 par Andr\u00e9 MEIRE et Lionnel NOUET. Situ\u00e9 \u00e0 Anneville Ambourville, proche de Rouen. Les membres de cette communaut\u00e9 ont \u00e0 c\u0153ur [&hellip;]<\/p>\n","protected":false},"author":1,"featured_media":0,"parent":0,"menu_order":0,"comment_status":"closed","ping_status":"closed","template":"","meta":{"footnotes":""},"class_list":["post-47","page","type-page","status-publish","hentry"],"yoast_head":"<!-- This site is optimized with the Yoast SEO plugin v27.3 - https:\/\/yoast.com\/product\/yoast-seo-wordpress\/ -->\n<title>Bienvenue au camping naturiste La Ch\u00eanaie - Camping Naturiste La Ch\u00eanaie<\/title>\n<meta name=\"robots\" content=\"index, follow, max-snippet:-1, max-image-preview:large, max-video-preview:-1\" \/>\n<link rel=\"canonical\" href=\"https:\/\/www.campingnaturistelachenaie.com\/?page_id=47\" \/>\n<meta property=\"og:locale\" content=\"fr_FR\" \/>\n<meta property=\"og:type\" content=\"article\" \/>\n<meta property=\"og:title\" content=\"Bienvenue au camping naturiste La Ch\u00eanaie - Camping Naturiste La Ch\u00eanaie\" \/>\n<meta property=\"og:description\" content=\"D\u00e9couvrez ici votre future destination pour des vacances en pleine nature Normande. Notre camping naturiste vous accueille depuis &nbsp;1975 gr\u00e2ce \u00e0 notre association (loi 1901) : Le Club Des Naturistes Rouennais a \u00e9t\u00e9 fond\u00e9 par Andr\u00e9 MEIRE et Lionnel NOUET. Situ\u00e9 \u00e0 Anneville Ambourville, proche de Rouen. Les membres de cette communaut\u00e9 ont \u00e0 c\u0153ur [&hellip;]\" \/>\n<meta property=\"og:url\" content=\"https:\/\/www.campingnaturistelachenaie.com\/?page_id=47\" \/>\n<meta property=\"og:site_name\" content=\"Camping Naturiste La Ch\u00eanaie\" \/>\n<meta property=\"article:modified_time\" content=\"2026-02-02T13:36:00+00:00\" \/>\n<meta property=\"og:image\" content=\"https:\/\/www.campingnaturistelachenaie.com\/wp-content\/uploads\/2025\/11\/Terrasse-piscine-1-1024x420.avif\" \/>\n<meta name=\"twitter:card\" content=\"summary_large_image\" \/>\n<meta name=\"twitter:label1\" content=\"Dur\u00e9e de lecture estim\u00e9e\" \/>\n\t<meta name=\"twitter:data1\" content=\"1 minute\" \/>\n<script type=\"application\/ld+json\" class=\"yoast-schema-graph\">{\"@context\":\"https:\\\/\\\/schema.org\",\"@graph\":[{\"@type\":\"WebPage\",\"@id\":\"https:\\\/\\\/www.campingnaturistelachenaie.com\\\/?page_id=47\",\"url\":\"https:\\\/\\\/www.campingnaturistelachenaie.com\\\/?page_id=47\",\"name\":\"Bienvenue au camping naturiste La Ch\u00eanaie - Camping Naturiste La Ch\u00eanaie\",\"isPartOf\":{\"@id\":\"https:\\\/\\\/www.campingnaturistelachenaie.com\\\/#website\"},\"primaryImageOfPage\":{\"@id\":\"https:\\\/\\\/www.campingnaturistelachenaie.com\\\/?page_id=47#primaryimage\"},\"image\":{\"@id\":\"https:\\\/\\\/www.campingnaturistelachenaie.com\\\/?page_id=47#primaryimage\"},\"thumbnailUrl\":\"https:\\\/\\\/www.campingnaturistelachenaie.com\\\/wp-content\\\/uploads\\\/2025\\\/11\\\/Terrasse-piscine-1-1024x420.avif\",\"datePublished\":\"2025-11-05T15:55:42+00:00\",\"dateModified\":\"2026-02-02T13:36:00+00:00\",\"breadcrumb\":{\"@id\":\"https:\\\/\\\/www.campingnaturistelachenaie.com\\\/?page_id=47#breadcrumb\"},\"inLanguage\":\"fr-FR\",\"potentialAction\":[{\"@type\":\"ReadAction\",\"target\":[\"https:\\\/\\\/www.campingnaturistelachenaie.com\\\/?page_id=47\"]}]},{\"@type\":\"ImageObject\",\"inLanguage\":\"fr-FR\",\"@id\":\"https:\\\/\\\/www.campingnaturistelachenaie.com\\\/?page_id=47#primaryimage\",\"url\":\"https:\\\/\\\/www.campingnaturistelachenaie.com\\\/wp-content\\\/uploads\\\/2025\\\/11\\\/Terrasse-piscine-1.avif\",\"contentUrl\":\"https:\\\/\\\/www.campingnaturistelachenaie.com\\\/wp-content\\\/uploads\\\/2025\\\/11\\\/Terrasse-piscine-1.avif\",\"width\":1830,\"height\":750},{\"@type\":\"BreadcrumbList\",\"@id\":\"https:\\\/\\\/www.campingnaturistelachenaie.com\\\/?page_id=47#breadcrumb\",\"itemListElement\":[{\"@type\":\"ListItem\",\"position\":1,\"name\":\"Home\",\"item\":\"https:\\\/\\\/www.campingnaturistelachenaie.com\\\/\"},{\"@type\":\"ListItem\",\"position\":2,\"name\":\"Bienvenue au camping naturiste La Ch\u00eanaie\"}]},{\"@type\":\"WebSite\",\"@id\":\"https:\\\/\\\/www.campingnaturistelachenaie.com\\\/#website\",\"url\":\"https:\\\/\\\/www.campingnaturistelachenaie.com\\\/\",\"name\":\"Camping Naturiste La Ch\u00eanaie\",\"description\":\"Camping Naturiste La Ch\u00eanaie\",\"publisher\":{\"@id\":\"https:\\\/\\\/www.campingnaturistelachenaie.com\\\/#organization\"},\"potentialAction\":[{\"@type\":\"SearchAction\",\"target\":{\"@type\":\"EntryPoint\",\"urlTemplate\":\"https:\\\/\\\/www.campingnaturistelachenaie.com\\\/?s={search_term_string}\"},\"query-input\":{\"@type\":\"PropertyValueSpecification\",\"valueRequired\":true,\"valueName\":\"search_term_string\"}}],\"inLanguage\":\"fr-FR\"},{\"@type\":\"Organization\",\"@id\":\"https:\\\/\\\/www.campingnaturistelachenaie.com\\\/#organization\",\"name\":\"Camping Naturiste La Ch\u00eanaie\",\"url\":\"https:\\\/\\\/www.campingnaturistelachenaie.com\\\/\",\"logo\":{\"@type\":\"ImageObject\",\"inLanguage\":\"fr-FR\",\"@id\":\"https:\\\/\\\/www.campingnaturistelachenaie.com\\\/#\\\/schema\\\/logo\\\/image\\\/\",\"url\":\"https:\\\/\\\/cnr.bcopin.net\\\/wp-content\\\/uploads\\\/2025\\\/11\\\/cropped-favicon.jpg\",\"contentUrl\":\"https:\\\/\\\/cnr.bcopin.net\\\/wp-content\\\/uploads\\\/2025\\\/11\\\/cropped-favicon.jpg\",\"width\":512,\"height\":512,\"caption\":\"Camping Naturiste La Ch\u00eanaie\"},\"image\":{\"@id\":\"https:\\\/\\\/www.campingnaturistelachenaie.com\\\/#\\\/schema\\\/logo\\\/image\\\/\"}}]}<\/script>\n<!-- \/ Yoast SEO plugin. -->","yoast_head_json":{"title":"Bienvenue au camping naturiste La Ch\u00eanaie - Camping Naturiste La Ch\u00eanaie","robots":{"index":"index","follow":"follow","max-snippet":"max-snippet:-1","max-image-preview":"max-image-preview:large","max-video-preview":"max-video-preview:-1"},"canonical":"https:\/\/www.campingnaturistelachenaie.com\/?page_id=47","og_locale":"fr_FR","og_type":"article","og_title":"Bienvenue au camping naturiste La Ch\u00eanaie - Camping Naturiste La Ch\u00eanaie","og_description":"D\u00e9couvrez ici votre future destination pour des vacances en pleine nature Normande. Notre camping naturiste vous accueille depuis &nbsp;1975 gr\u00e2ce \u00e0 notre association (loi 1901) : Le Club Des Naturistes Rouennais a \u00e9t\u00e9 fond\u00e9 par Andr\u00e9 MEIRE et Lionnel NOUET. Situ\u00e9 \u00e0 Anneville Ambourville, proche de Rouen. Les membres de cette communaut\u00e9 ont \u00e0 c\u0153ur [&hellip;]","og_url":"https:\/\/www.campingnaturistelachenaie.com\/?page_id=47","og_site_name":"Camping Naturiste La Ch\u00eanaie","article_modified_time":"2026-02-02T13:36:00+00:00","og_image":[{"url":"https:\/\/www.campingnaturistelachenaie.com\/wp-content\/uploads\/2025\/11\/Terrasse-piscine-1-1024x420.avif","type":"","width":"","height":""}],"twitter_card":"summary_large_image","twitter_misc":{"Dur\u00e9e de lecture estim\u00e9e":"1 minute"},"schema":{"@context":"https:\/\/schema.org","@graph":[{"@type":"WebPage","@id":"https:\/\/www.campingnaturistelachenaie.com\/?page_id=47","url":"https:\/\/www.campingnaturistelachenaie.com\/?page_id=47","name":"Bienvenue au camping naturiste La Ch\u00eanaie - Camping Naturiste La Ch\u00eanaie","isPartOf":{"@id":"https:\/\/www.campingnaturistelachenaie.com\/#website"},"primaryImageOfPage":{"@id":"https:\/\/www.campingnaturistelachenaie.com\/?page_id=47#primaryimage"},"image":{"@id":"https:\/\/www.campingnaturistelachenaie.com\/?page_id=47#primaryimage"},"thumbnailUrl":"https:\/\/www.campingnaturistelachenaie.com\/wp-content\/uploads\/2025\/11\/Terrasse-piscine-1-1024x420.avif","datePublished":"2025-11-05T15:55:42+00:00","dateModified":"2026-02-02T13:36:00+00:00","breadcrumb":{"@id":"https:\/\/www.campingnaturistelachenaie.com\/?page_id=47#breadcrumb"},"inLanguage":"fr-FR","potentialAction":[{"@type":"ReadAction","target":["https:\/\/www.campingnaturistelachenaie.com\/?page_id=47"]}]},{"@type":"ImageObject","inLanguage":"fr-FR","@id":"https:\/\/www.campingnaturistelachenaie.com\/?page_id=47#primaryimage","url":"https:\/\/www.campingnaturistelachenaie.com\/wp-content\/uploads\/2025\/11\/Terrasse-piscine-1.avif","contentUrl":"https:\/\/www.campingnaturistelachenaie.com\/wp-content\/uploads\/2025\/11\/Terrasse-piscine-1.avif","width":1830,"height":750},{"@type":"BreadcrumbList","@id":"https:\/\/www.campingnaturistelachenaie.com\/?page_id=47#breadcrumb","itemListElement":[{"@type":"ListItem","position":1,"name":"Home","item":"https:\/\/www.campingnaturistelachenaie.com\/"},{"@type":"ListItem","position":2,"name":"Bienvenue au camping naturiste La Ch\u00eanaie"}]},{"@type":"WebSite","@id":"https:\/\/www.campingnaturistelachenaie.com\/#website","url":"https:\/\/www.campingnaturistelachenaie.com\/","name":"Camping Naturiste La Ch\u00eanaie","description":"Camping Naturiste La Ch\u00eanaie","publisher":{"@id":"https:\/\/www.campingnaturistelachenaie.com\/#organization"},"potentialAction":[{"@type":"SearchAction","target":{"@type":"EntryPoint","urlTemplate":"https:\/\/www.campingnaturistelachenaie.com\/?s={search_term_string}"},"query-input":{"@type":"PropertyValueSpecification","valueRequired":true,"valueName":"search_term_string"}}],"inLanguage":"fr-FR"},{"@type":"Organization","@id":"https:\/\/www.campingnaturistelachenaie.com\/#organization","name":"Camping Naturiste La Ch\u00eanaie","url":"https:\/\/www.campingnaturistelachenaie.com\/","logo":{"@type":"ImageObject","inLanguage":"fr-FR","@id":"https:\/\/www.campingnaturistelachenaie.com\/#\/schema\/logo\/image\/","url":"https:\/\/cnr.bcopin.net\/wp-content\/uploads\/2025\/11\/cropped-favicon.jpg","contentUrl":"https:\/\/cnr.bcopin.net\/wp-content\/uploads\/2025\/11\/cropped-favicon.jpg","width":512,"height":512,"caption":"Camping Naturiste La Ch\u00eanaie"},"image":{"@id":"https:\/\/www.campingnaturistelachenaie.com\/#\/schema\/logo\/image\/"}}]}},"_links":{"self":[{"href":"https:\/\/www.campingnaturistelachenaie.com\/index.php?rest_route=\/wp\/v2\/pages\/47","targetHints":{"allow":["GET"]}}],"collection":[{"href":"https:\/\/www.campingnaturistelachenaie.com\/index.php?rest_route=\/wp\/v2\/pages"}],"about":[{"href":"https:\/\/www.campingnaturistelachenaie.com\/index.php?rest_route=\/wp\/v2\/types\/page"}],"author":[{"embeddable":true,"href":"https:\/\/www.campingnaturistelachenaie.com\/index.php?rest_route=\/wp\/v2\/users\/1"}],"replies":[{"embeddable":true,"href":"https:\/\/www.campingnaturistelachenaie.com\/index.php?rest_route=%2Fwp%2Fv2%2Fcomments&post=47"}],"version-history":[{"count":7,"href":"https:\/\/www.campingnaturistelachenaie.com\/index.php?rest_route=\/wp\/v2\/pages\/47\/revisions"}],"predecessor-version":[{"id":300,"href":"https:\/\/www.campingnaturistelachenaie.com\/index.php?rest_route=\/wp\/v2\/pages\/47\/revisions\/300"}],"wp:attachment":[{"href":"https:\/\/www.campingnaturistelachenaie.com\/index.php?rest_route=%2Fwp%2Fv2%2Fmedia&parent=47"}],"curies":[{"name":"wp","href":"https:\/\/api.w.org\/{rel}","templated":true}]}}