{"id":69,"date":"2025-11-06T10:19:50","date_gmt":"2025-11-06T09:19:50","guid":{"rendered":"https:\/\/interne.bcopin.com\/cnr\/wordpress\/?page_id=69"},"modified":"2026-01-18T12:06:16","modified_gmt":"2026-01-18T11:06:16","slug":"contacts","status":"publish","type":"page","link":"https:\/\/www.campingnaturistelachenaie.com\/?page_id=69","title":{"rendered":"Contacts"},"content":{"rendered":"\n<div class=\"wp-block-columns is-layout-flex wp-container-core-columns-is-layout-28f84493 wp-block-columns-is-layout-flex\">\n<div class=\"wp-block-column is-layout-flow wp-block-column-is-layout-flow\">\n<figure class=\"wp-block-image size-large\"><img loading=\"lazy\" decoding=\"async\" width=\"1024\" height=\"1016\" src=\"wp-content\/uploads\/2025\/11\/Accueil-1024x1016.avif\" alt=\"\" class=\"wp-image-70\" srcset=\"https:\/\/www.campingnaturistelachenaie.com\/wp-content\/uploads\/2025\/11\/Accueil-1024x1016.avif 1024w, https:\/\/www.campingnaturistelachenaie.com\/wp-content\/uploads\/2025\/11\/Accueil-300x298.avif 300w, https:\/\/www.campingnaturistelachenaie.com\/wp-content\/uploads\/2025\/11\/Accueil-150x150.avif 150w, https:\/\/www.campingnaturistelachenaie.com\/wp-content\/uploads\/2025\/11\/Accueil-768x762.avif 768w, https:\/\/www.campingnaturistelachenaie.com\/wp-content\/uploads\/2025\/11\/Accueil.avif 1484w\" sizes=\"auto, (max-width: 1024px) 100vw, 1024px\" \/><\/figure>\n<\/div>\n\n\n\n<div class=\"wp-block-column is-layout-flow wp-block-column-is-layout-flow\">\n<p><\/p>\n\n\n\n<p class=\"has-text-align-right\">306 Chemin d\u2019Ambourville<\/p>\n\n\n\n<p class=\"has-text-align-right\">76480 Anneville-Ambourville<\/p>\n\n\n\n<p class=\"has-text-align-right\"><a href=\"tel:09 81 90 51 28\"><strong>09 81 90 51 28<\/strong><\/a><\/p>\n\n\n\n<p class=\"has-text-align-right\"><a href=\"mailto:accueilcnr@gmail.com?subject=%5BLA%20CHENAIE%5D%20Demande%20d%27informations\">accueilcnr@gmail.com<\/a><\/p>\n\n\n\n<p><\/p>\n\n\n\n<h2 class=\"wp-block-heading has-text-align-center\">Horaires d&rsquo;ouverture<\/h2>\n\n\n\n<p class=\"has-text-align-center\">Accueil ouvert 7\/7 du 17 Avril au 27 Septembre<\/p>\n\n\n\n<p class=\"has-text-align-center\">Le Matin de 09h &#8211; 12h<\/p>\n\n\n\n<p class=\"has-text-align-center\">L&rsquo;Apr\u00e8s-midi de 14h &#8211; 19h<\/p>\n\n\n\n<p class=\"has-text-align-center\">Contact t\u00e9l\u00e9phonique possible depuis le 01 Janvier 2026 sous r\u00e9serve de disponibilit\u00e9 des membres de l&rsquo;association.<\/p>\n<\/div>\n<\/div>\n\n\n\n<div class=\"wp-block-group is-vertical is-layout-flex wp-container-core-group-is-layout-d6b9ab57 wp-block-group-is-layout-flex\">\n<h2 class=\"wp-block-heading has-text-align-center\"><\/h2>\n<\/div>\n\n\n<p><center><iframe src=\"https:\/\/www.google.com\/maps\/embed?pb=!1m18!1m12!1m3!1d3006.0779501217867!2d0.8897970769072296!3d49.44654997141803!2m3!1f0!2f0!3f0!3m2!1i1024!2i768!4f13.1!3m3!1m2!1s0x47e0e4a6369c4bc1%3A0xf43250e5a5203f83!2sCamping%20Naturiste%20La%20Ch%C3%AAnaie!5e1!3m2!1sfr!2sfr!4v1762421389108!5m2!1sfr!2sfr\" width=\"800\" height=\"800\" style=\"border:0;\" allowfullscreen=\"\" loading=\"lazy\" referrerpolicy=\"no-referrer-when-downgrade\"><\/iframe><\/center><\/p>\n","protected":false},"excerpt":{"rendered":"<p>306 Chemin d\u2019Ambourville 76480 Anneville-Ambourville 09 81 90 51 28 accueilcnr@gmail.com Horaires d&rsquo;ouverture Accueil ouvert 7\/7 du 17 Avril au 27 Septembre Le Matin de 09h &#8211; 12h L&rsquo;Apr\u00e8s-midi de 14h &#8211; 19h Contact t\u00e9l\u00e9phonique possible depuis le 01 Janvier 2026 sous r\u00e9serve de disponibilit\u00e9 des membres de l&rsquo;association.<\/p>\n","protected":false},"author":1,"featured_media":0,"parent":0,"menu_order":0,"comment_status":"closed","ping_status":"closed","template":"","meta":{"footnotes":""},"class_list":["post-69","page","type-page","status-publish","hentry"],"yoast_head":"<!-- This site is optimized with the Yoast SEO plugin v27.3 - https:\/\/yoast.com\/product\/yoast-seo-wordpress\/ -->\n<title>Contacts - Camping Naturiste La Ch\u00eanaie<\/title>\n<meta name=\"robots\" content=\"index, follow, max-snippet:-1, max-image-preview:large, max-video-preview:-1\" \/>\n<link rel=\"canonical\" href=\"https:\/\/www.campingnaturistelachenaie.com\/?page_id=69\" \/>\n<meta property=\"og:locale\" content=\"fr_FR\" \/>\n<meta property=\"og:type\" content=\"article\" \/>\n<meta property=\"og:title\" content=\"Contacts - Camping Naturiste La Ch\u00eanaie\" \/>\n<meta property=\"og:description\" content=\"306 Chemin d\u2019Ambourville 76480 Anneville-Ambourville 09 81 90 51 28 accueilcnr@gmail.com Horaires d&rsquo;ouverture Accueil ouvert 7\/7 du 17 Avril au 27 Septembre Le Matin de 09h &#8211; 12h L&rsquo;Apr\u00e8s-midi de 14h &#8211; 19h Contact t\u00e9l\u00e9phonique possible depuis le 01 Janvier 2026 sous r\u00e9serve de disponibilit\u00e9 des membres de l&rsquo;association.\" \/>\n<meta property=\"og:url\" content=\"https:\/\/www.campingnaturistelachenaie.com\/?page_id=69\" \/>\n<meta property=\"og:site_name\" content=\"Camping Naturiste La Ch\u00eanaie\" \/>\n<meta property=\"article:modified_time\" content=\"2026-01-18T11:06:16+00:00\" \/>\n<meta name=\"twitter:card\" content=\"summary_large_image\" \/>\n<script type=\"application\/ld+json\" class=\"yoast-schema-graph\">{\"@context\":\"https:\\\/\\\/schema.org\",\"@graph\":[{\"@type\":\"WebPage\",\"@id\":\"https:\\\/\\\/www.campingnaturistelachenaie.com\\\/?page_id=69\",\"url\":\"https:\\\/\\\/www.campingnaturistelachenaie.com\\\/?page_id=69\",\"name\":\"Contacts - Camping Naturiste La Ch\u00eanaie\",\"isPartOf\":{\"@id\":\"https:\\\/\\\/www.campingnaturistelachenaie.com\\\/#website\"},\"datePublished\":\"2025-11-06T09:19:50+00:00\",\"dateModified\":\"2026-01-18T11:06:16+00:00\",\"breadcrumb\":{\"@id\":\"https:\\\/\\\/www.campingnaturistelachenaie.com\\\/?page_id=69#breadcrumb\"},\"inLanguage\":\"fr-FR\",\"potentialAction\":[{\"@type\":\"ReadAction\",\"target\":[\"https:\\\/\\\/www.campingnaturistelachenaie.com\\\/?page_id=69\"]}]},{\"@type\":\"BreadcrumbList\",\"@id\":\"https:\\\/\\\/www.campingnaturistelachenaie.com\\\/?page_id=69#breadcrumb\",\"itemListElement\":[{\"@type\":\"ListItem\",\"position\":1,\"name\":\"Home\",\"item\":\"https:\\\/\\\/www.campingnaturistelachenaie.com\\\/\"},{\"@type\":\"ListItem\",\"position\":2,\"name\":\"Contacts\"}]},{\"@type\":\"WebSite\",\"@id\":\"https:\\\/\\\/www.campingnaturistelachenaie.com\\\/#website\",\"url\":\"https:\\\/\\\/www.campingnaturistelachenaie.com\\\/\",\"name\":\"Camping Naturiste La Ch\u00eanaie\",\"description\":\"Camping Naturiste La Ch\u00eanaie\",\"publisher\":{\"@id\":\"https:\\\/\\\/www.campingnaturistelachenaie.com\\\/#organization\"},\"potentialAction\":[{\"@type\":\"SearchAction\",\"target\":{\"@type\":\"EntryPoint\",\"urlTemplate\":\"https:\\\/\\\/www.campingnaturistelachenaie.com\\\/?s={search_term_string}\"},\"query-input\":{\"@type\":\"PropertyValueSpecification\",\"valueRequired\":true,\"valueName\":\"search_term_string\"}}],\"inLanguage\":\"fr-FR\"},{\"@type\":\"Organization\",\"@id\":\"https:\\\/\\\/www.campingnaturistelachenaie.com\\\/#organization\",\"name\":\"Camping Naturiste La Ch\u00eanaie\",\"url\":\"https:\\\/\\\/www.campingnaturistelachenaie.com\\\/\",\"logo\":{\"@type\":\"ImageObject\",\"inLanguage\":\"fr-FR\",\"@id\":\"https:\\\/\\\/www.campingnaturistelachenaie.com\\\/#\\\/schema\\\/logo\\\/image\\\/\",\"url\":\"https:\\\/\\\/cnr.bcopin.net\\\/wp-content\\\/uploads\\\/2025\\\/11\\\/cropped-favicon.jpg\",\"contentUrl\":\"https:\\\/\\\/cnr.bcopin.net\\\/wp-content\\\/uploads\\\/2025\\\/11\\\/cropped-favicon.jpg\",\"width\":512,\"height\":512,\"caption\":\"Camping Naturiste La Ch\u00eanaie\"},\"image\":{\"@id\":\"https:\\\/\\\/www.campingnaturistelachenaie.com\\\/#\\\/schema\\\/logo\\\/image\\\/\"}}]}<\/script>\n<!-- \/ Yoast SEO plugin. -->","yoast_head_json":{"title":"Contacts - Camping Naturiste La Ch\u00eanaie","robots":{"index":"index","follow":"follow","max-snippet":"max-snippet:-1","max-image-preview":"max-image-preview:large","max-video-preview":"max-video-preview:-1"},"canonical":"https:\/\/www.campingnaturistelachenaie.com\/?page_id=69","og_locale":"fr_FR","og_type":"article","og_title":"Contacts - Camping Naturiste La Ch\u00eanaie","og_description":"306 Chemin d\u2019Ambourville 76480 Anneville-Ambourville 09 81 90 51 28 accueilcnr@gmail.com Horaires d&rsquo;ouverture Accueil ouvert 7\/7 du 17 Avril au 27 Septembre Le Matin de 09h &#8211; 12h L&rsquo;Apr\u00e8s-midi de 14h &#8211; 19h Contact t\u00e9l\u00e9phonique possible depuis le 01 Janvier 2026 sous r\u00e9serve de disponibilit\u00e9 des membres de l&rsquo;association.","og_url":"https:\/\/www.campingnaturistelachenaie.com\/?page_id=69","og_site_name":"Camping Naturiste La Ch\u00eanaie","article_modified_time":"2026-01-18T11:06:16+00:00","twitter_card":"summary_large_image","schema":{"@context":"https:\/\/schema.org","@graph":[{"@type":"WebPage","@id":"https:\/\/www.campingnaturistelachenaie.com\/?page_id=69","url":"https:\/\/www.campingnaturistelachenaie.com\/?page_id=69","name":"Contacts - Camping Naturiste La Ch\u00eanaie","isPartOf":{"@id":"https:\/\/www.campingnaturistelachenaie.com\/#website"},"datePublished":"2025-11-06T09:19:50+00:00","dateModified":"2026-01-18T11:06:16+00:00","breadcrumb":{"@id":"https:\/\/www.campingnaturistelachenaie.com\/?page_id=69#breadcrumb"},"inLanguage":"fr-FR","potentialAction":[{"@type":"ReadAction","target":["https:\/\/www.campingnaturistelachenaie.com\/?page_id=69"]}]},{"@type":"BreadcrumbList","@id":"https:\/\/www.campingnaturistelachenaie.com\/?page_id=69#breadcrumb","itemListElement":[{"@type":"ListItem","position":1,"name":"Home","item":"https:\/\/www.campingnaturistelachenaie.com\/"},{"@type":"ListItem","position":2,"name":"Contacts"}]},{"@type":"WebSite","@id":"https:\/\/www.campingnaturistelachenaie.com\/#website","url":"https:\/\/www.campingnaturistelachenaie.com\/","name":"Camping Naturiste La Ch\u00eanaie","description":"Camping Naturiste La Ch\u00eanaie","publisher":{"@id":"https:\/\/www.campingnaturistelachenaie.com\/#organization"},"potentialAction":[{"@type":"SearchAction","target":{"@type":"EntryPoint","urlTemplate":"https:\/\/www.campingnaturistelachenaie.com\/?s={search_term_string}"},"query-input":{"@type":"PropertyValueSpecification","valueRequired":true,"valueName":"search_term_string"}}],"inLanguage":"fr-FR"},{"@type":"Organization","@id":"https:\/\/www.campingnaturistelachenaie.com\/#organization","name":"Camping Naturiste La Ch\u00eanaie","url":"https:\/\/www.campingnaturistelachenaie.com\/","logo":{"@type":"ImageObject","inLanguage":"fr-FR","@id":"https:\/\/www.campingnaturistelachenaie.com\/#\/schema\/logo\/image\/","url":"https:\/\/cnr.bcopin.net\/wp-content\/uploads\/2025\/11\/cropped-favicon.jpg","contentUrl":"https:\/\/cnr.bcopin.net\/wp-content\/uploads\/2025\/11\/cropped-favicon.jpg","width":512,"height":512,"caption":"Camping Naturiste La Ch\u00eanaie"},"image":{"@id":"https:\/\/www.campingnaturistelachenaie.com\/#\/schema\/logo\/image\/"}}]}},"_links":{"self":[{"href":"https:\/\/www.campingnaturistelachenaie.com\/index.php?rest_route=\/wp\/v2\/pages\/69","targetHints":{"allow":["GET"]}}],"collection":[{"href":"https:\/\/www.campingnaturistelachenaie.com\/index.php?rest_route=\/wp\/v2\/pages"}],"about":[{"href":"https:\/\/www.campingnaturistelachenaie.com\/index.php?rest_route=\/wp\/v2\/types\/page"}],"author":[{"embeddable":true,"href":"https:\/\/www.campingnaturistelachenaie.com\/index.php?rest_route=\/wp\/v2\/users\/1"}],"replies":[{"embeddable":true,"href":"https:\/\/www.campingnaturistelachenaie.com\/index.php?rest_route=%2Fwp%2Fv2%2Fcomments&post=69"}],"version-history":[{"count":13,"href":"https:\/\/www.campingnaturistelachenaie.com\/index.php?rest_route=\/wp\/v2\/pages\/69\/revisions"}],"predecessor-version":[{"id":294,"href":"https:\/\/www.campingnaturistelachenaie.com\/index.php?rest_route=\/wp\/v2\/pages\/69\/revisions\/294"}],"wp:attachment":[{"href":"https:\/\/www.campingnaturistelachenaie.com\/index.php?rest_route=%2Fwp%2Fv2%2Fmedia&parent=69"}],"curies":[{"name":"wp","href":"https:\/\/api.w.org\/{rel}","templated":true}]}}